{"id":1069,"date":"2023-04-10T17:38:36","date_gmt":"2023-04-10T15:38:36","guid":{"rendered":"https:\/\/vivaohlala.com\/our-clasic-excursions\/"},"modified":"2023-07-28T05:58:23","modified_gmt":"2023-07-28T03:58:23","slug":"our-clasic-excursions-riviera-maya-mexico","status":"publish","type":"page","link":"https:\/\/vivaohlala.com\/en\/our-clasic-excursions-riviera-maya-mexico\/","title":{"rendered":"Our clasic excursions"},"content":{"rendered":"<p>[et_pb_section fb_built=&#8221;1&#8243; _builder_version=&#8221;4.20.4&#8243; _module_preset=&#8221;default&#8221; background_image=&#8221;https:\/\/vivaohlala.com\/wp-content\/uploads\/2023\/04\/nos-excursions-classiques-mexique-riviera-maya-cancun.jpg&#8221; global_colors_info=&#8221;{}&#8221;][et_pb_row _builder_version=&#8221;4.20.4&#8243; _module_preset=&#8221;default&#8221; global_colors_info=&#8221;{}&#8221;][et_pb_column type=&#8221;4_4&#8243; _builder_version=&#8221;4.20.4&#8243; _module_preset=&#8221;default&#8221; global_colors_info=&#8221;{}&#8221;][et_pb_text _builder_version=&#8221;4.21.0&#8243; _module_preset=&#8221;default&#8221; header_font=&#8221;Noto Serif|700|||||||&#8221; header_text_color=&#8221;#FFFFFF&#8221; header_font_size=&#8221;50px&#8221; global_colors_info=&#8221;{}&#8221;]<\/p>\n<h1>Our classic excursions<\/h1>\n<p>[\/et_pb_text][\/et_pb_column][\/et_pb_row][\/et_pb_section][et_pb_section fb_built=&#8221;1&#8243; _builder_version=&#8221;4.20.4&#8243; _module_preset=&#8221;default&#8221; custom_padding=&#8221;0px||7px|||&#8221; global_colors_info=&#8221;{}&#8221;][et_pb_row _builder_version=&#8221;4.20.4&#8243; _module_preset=&#8221;default&#8221; global_colors_info=&#8221;{}&#8221;][et_pb_column type=&#8221;4_4&#8243; _builder_version=&#8221;4.20.4&#8243; _module_preset=&#8221;default&#8221; global_colors_info=&#8221;{}&#8221;][et_pb_text _builder_version=&#8221;4.21.0&#8243; _module_preset=&#8221;default&#8221; text_font=&#8221;Noto Serif|700|on||||||&#8221; text_font_size=&#8221;17px&#8221; text_line_height=&#8221;1.6em&#8221; text_orientation=&#8221;center&#8221; global_colors_info=&#8221;{}&#8221;]<\/p>\n<p>Discover the Best Excursions of the Riviera Maya on our Small Group Outings. Enjoy unique and unforgettable experiences in the most beautiful gems of the country, with a maximum of 12 people.<\/p>\n<h3>Transfers from Your Accommodation<\/h3>\n<p>For your convenience, we will pick you up directly from your accommodation. Enjoy a practical and hassle-free service to start your day of exploration.<\/p><h3>Exclusive Access to Secret Locations<\/h3>\n<p>Thanks to our privileged connections with the local community, we have access to secret places exclusively reserved for our clients. Treat yourself to an even more extraordinary stay by discovering preserved and lesser-known spots.<\/p><h3>Immerse Yourself in the Heart of the Mexican Soul<\/h3><p>Embark on a journey to the highlights of the Riviera Maya, explore enchanting cultural and natural sites, and immerse yourself in the heart of the Mexican soul. Whether it&#8217;s a historical visit, an encounter with the wild nature, or an immersion into the country&#8217;s cultural richness, our excursions guarantee unique and memorable experiences.<\/p>\n<h3>Book Your Small Group Excursions Now<\/h3><p>Reserve your small group excursion now and be enchanted by the hidden treasures of Mexico. An exceptional adventure awaits you beyond the beaten paths. Explore the Riviera Maya in an unforgettable way with us!<\/p>\n<p>[\/et_pb_text][\/et_pb_column][\/et_pb_row][\/et_pb_section][et_pb_section fb_built=&#8221;1&#8243; _builder_version=&#8221;4.20.4&#8243; _module_preset=&#8221;default&#8221; custom_padding=&#8221;2px||9px|||&#8221; global_colors_info=&#8221;{}&#8221;][et_pb_row column_structure=&#8221;1_3,1_3,1_3&#8243; make_equal=&#8221;on&#8221; _builder_version=&#8221;4.20.4&#8243; _module_preset=&#8221;default&#8221; global_colors_info=&#8221;{}&#8221;][et_pb_column type=&#8221;1_3&#8243; _builder_version=&#8221;4.21.0&#8243; _module_preset=&#8221;default&#8221; global_colors_info=&#8221;{}&#8221;][et_pb_blurb title=&#8221;Classic tour in HOLBOX&#8221; url=&#8221;https:\/\/vivaohlala.com\/en\/excursion-mexico-holbox-visit-tour-classic-guide-english-speaking\/&#8221; image=&#8221;https:\/\/vivaohlala.com\/wp-content\/uploads\/2023\/07\/visite-holbox-tour-operateur-francophone-ConvertImage.jpg&#8221; alt=&#8221;Visite d&#8217;Holbox avec le Tour Op\u00e9rateur VivaOhlala sp\u00e9cialis\u00e9 dans les excursions francophones&#8221; module_class=&#8221;blzoom&#8221; _builder_version=&#8221;4.21.0&#8243; _module_preset=&#8221;default&#8221; header_font=&#8221;Noto Serif|700|||||||&#8221; header_text_align=&#8221;center&#8221; header_text_color=&#8221;#578279&#8243; header_font_size=&#8221;18px&#8221; transform_translate_linked__hover=&#8221;off&#8221; min_height=&#8221;100%&#8221; custom_padding=&#8221;||||false|false&#8221; link_option_url=&#8221;https:\/\/vivaohlala.com\/en\/excursion-mexico-coba-visit-tour-classic-guide-english-speaking\/&#8221; custom_css_blurb_image=&#8221;||&#8221; border_radii=&#8221;on|3px|3px|3px|3px&#8221; border_width_all=&#8221;1px&#8221; box_shadow_style=&#8221;preset1&#8243; global_colors_info=&#8221;{}&#8221; transform_styles__hover_enabled=&#8221;on|desktop&#8221; transform_scale__hover_enabled=&#8221;on|hover&#8221; transform_translate__hover_enabled=&#8221;on|desktop&#8221; transform_rotate__hover_enabled=&#8221;on|desktop&#8221; transform_skew__hover_enabled=&#8221;on|desktop&#8221; transform_origin__hover_enabled=&#8221;on|desktop&#8221; transform_translate__hover=&#8221;0px|-5px&#8221; image_icon_background_color__hover_enabled=&#8221;off|hover&#8221; background__hover_enabled=&#8221;on|hover&#8221; background_color__hover=&#8221;rgba(0,0,0,0.04)&#8221; background_enable_color__hover=&#8221;on&#8221;]<\/p>\n<p><span><\/span><\/p>\n<p>Discover the paradise island of Holbox on an unforgettable excursion.<\/p>\n<p><span>_________________________<\/span><\/p>\n<p><span><\/span><\/p>\n<p><strong>Price : 2310 pesos (129 USD)<\/strong><\/p>\n<p><span class=\"boutonTour\">Learn more<\/span><\/p>\n<p><span><\/span><\/p>\n<p>[\/et_pb_blurb][\/et_pb_column][et_pb_column type=&#8221;1_3&#8243; _builder_version=&#8221;4.21.0&#8243; _module_preset=&#8221;default&#8221; global_colors_info=&#8221;{}&#8221;][et_pb_blurb title=&#8221;Classic tour CHICHEN ITZA&#8221; url=&#8221;https:\/\/vivaohlala.com\/en\/excursion-mexico-chichen-itza-visit-tour-classic-guide-english-speaking\/&#8221; image=&#8221;https:\/\/vivaohlala.com\/wp-content\/uploads\/2023\/07\/agence-dexcursion-francophone-chichen-itza.jpg&#8221; module_class=&#8221;blzoom&#8221; _builder_version=&#8221;4.21.0&#8243; _module_preset=&#8221;default&#8221; header_font=&#8221;Noto Serif|700|||||||&#8221; header_text_align=&#8221;center&#8221; header_text_color=&#8221;#578279&#8243; header_font_size=&#8221;18px&#8221; min_height=&#8221;100%&#8221; custom_padding=&#8221;||||false|false&#8221; link_option_url=&#8221;https:\/\/vivaohlala.com\/en\/excursion-mexico-chichen-itza-visit-tour-classic-guide-english-speaking\/&#8221; custom_css_blurb_image=&#8221;||&#8221; border_radii=&#8221;on|3px|3px|3px|3px&#8221; border_width_all=&#8221;1px&#8221; box_shadow_style=&#8221;preset1&#8243; global_colors_info=&#8221;{}&#8221; background_color__hover=&#8221;rgba(0,0,0,0.04)&#8221; background_enable_color__hover=&#8221;on&#8221; image_icon_background_color__hover_enabled=&#8221;off|hover&#8221; transform_styles__hover_enabled=&#8221;on|desktop&#8221; transform_scale__hover_enabled=&#8221;on|hover&#8221; transform_translate__hover=&#8221;0px|-5px&#8221; transform_translate__hover_enabled=&#8221;on|desktop&#8221; transform_rotate__hover_enabled=&#8221;on|desktop&#8221; transform_skew__hover_enabled=&#8221;on|desktop&#8221; transform_origin__hover_enabled=&#8221;on|desktop&#8221; background__hover_enabled=&#8221;on|hover&#8221;]<\/p>\n<p><span><\/span><\/p>\n<p>Immerse yourself in the fascinating history of the Mayan civilization by visiting Chichen Itza, one of Mexico&#8217;s most iconic archaeological sites.<\/p>\n<p><span>_________________________<\/span><\/p>\n<p><span><\/span><\/p>\n<p><strong>Price : 2310 pesos (129 USD)<\/strong><\/p>\n<p><span class=\"boutonTour\">Learn more<\/span><\/p>\n<p><span><\/span><\/p>\n<p>[\/et_pb_blurb][\/et_pb_column][et_pb_column type=&#8221;1_3&#8243; _builder_version=&#8221;4.21.0&#8243; _module_preset=&#8221;default&#8221; global_colors_info=&#8221;{}&#8221;][et_pb_blurb title=&#8221;Classic tour SIAN KA&#8217;AN&#8221; url=&#8221;https:\/\/vivaohlala.com\/en\/excursion-mexico-sian-kaan-visit-tour-classic-guide-english-speaking\/&#8221; image=&#8221;https:\/\/vivaohlala.com\/wp-content\/uploads\/2023\/07\/excursion-sian-kaan-francophone.jpg&#8221; module_class=&#8221;blzoom&#8221; _builder_version=&#8221;4.21.0&#8243; _module_preset=&#8221;default&#8221; header_font=&#8221;Noto Serif|700|||||||&#8221; header_text_align=&#8221;center&#8221; header_text_color=&#8221;#578279&#8243; header_font_size=&#8221;18px&#8221; min_height=&#8221;100%&#8221; custom_padding=&#8221;||||false|false&#8221; link_option_url=&#8221;https:\/\/vivaohlala.com\/en\/excursion-mexico-sian-kaan-visit-tour-classic-guide-english-speaking\/&#8221; custom_css_blurb_image=&#8221;||&#8221; border_radii=&#8221;on|3px|3px|3px|3px&#8221; border_width_all=&#8221;1px&#8221; box_shadow_style=&#8221;preset1&#8243; global_colors_info=&#8221;{}&#8221; background_color__hover=&#8221;rgba(0,0,0,0.04)&#8221; background_enable_color__hover=&#8221;on&#8221; image_icon_background_color__hover_enabled=&#8221;off|hover&#8221; transform_styles__hover_enabled=&#8221;on|desktop&#8221; transform_scale__hover_enabled=&#8221;on|hover&#8221; transform_translate__hover=&#8221;0px|-5px&#8221; transform_translate__hover_enabled=&#8221;on|desktop&#8221; transform_rotate__hover_enabled=&#8221;on|desktop&#8221; transform_skew__hover_enabled=&#8221;on|desktop&#8221; transform_origin__hover_enabled=&#8221;on|desktop&#8221; background__hover_enabled=&#8221;on|hover&#8221;]<\/p>\n<p><span><\/span><\/p>\n<p>Go to Sian Ka\u2019an: discover the ultimate nature reserve in Mexico!<\/p>\n<p><span>_________________________<\/span><\/p>\n<p><span><\/span><\/p>\n<p><strong>Price : 2800 pesos (156 USD)<\/strong><\/p>\n<p><span class=\"boutonTour\">Learn more<\/span><\/p>\n<p><span><\/span><\/p>\n<p>[\/et_pb_blurb][\/et_pb_column][\/et_pb_row][et_pb_row column_structure=&#8221;1_3,1_3,1_3&#8243; make_equal=&#8221;on&#8221; _builder_version=&#8221;4.20.4&#8243; _module_preset=&#8221;default&#8221; global_colors_info=&#8221;{}&#8221;][et_pb_column type=&#8221;1_3&#8243; _builder_version=&#8221;4.20.4&#8243; _module_preset=&#8221;default&#8221; global_colors_info=&#8221;{}&#8221;][et_pb_blurb title=&#8221;Classic tour COBA \/ PUNTA LAGUNA&#8221; url=&#8221;https:\/\/vivaohlala.com\/en\/%20excursion-mexico-coba-visit-tour-classic-guide-english-speaking\/&#8221; image=&#8221;https:\/\/vivaohlala.com\/wp-content\/uploads\/2023\/04\/agence-de-voyage-francaise-coba-punta-laguna-mexique.jpg&#8221; module_class=&#8221;blzoom&#8221; _builder_version=&#8221;4.21.0&#8243; _module_preset=&#8221;default&#8221; header_font=&#8221;Noto Serif|700|||||||&#8221; header_text_align=&#8221;center&#8221; header_text_color=&#8221;#578279&#8243; header_font_size=&#8221;18px&#8221; min_height=&#8221;100%&#8221; custom_padding=&#8221;||||false|false&#8221; link_option_url=&#8221;https:\/\/vivaohlala.com\/en\/ excursion-mexico-coba-visit-tour-classic-guide-english-speaking\/&#8221; custom_css_blurb_image=&#8221;||&#8221; border_radii=&#8221;on|3px|3px|3px|3px&#8221; border_width_all=&#8221;1px&#8221; box_shadow_style=&#8221;preset1&#8243; global_colors_info=&#8221;{}&#8221; background_color__hover=&#8221;rgba(0,0,0,0.04)&#8221; background_enable_color__hover=&#8221;on&#8221; image_icon_background_color__hover_enabled=&#8221;off|hover&#8221; transform_styles__hover_enabled=&#8221;on|desktop&#8221; transform_scale__hover_enabled=&#8221;on|hover&#8221; transform_translate__hover=&#8221;0px|-5px&#8221; transform_translate__hover_enabled=&#8221;on|desktop&#8221; transform_rotate__hover_enabled=&#8221;on|desktop&#8221; transform_skew__hover_enabled=&#8221;on|desktop&#8221; transform_origin__hover_enabled=&#8221;on|desktop&#8221; background__hover_enabled=&#8221;on|hover&#8221;]<\/p>\n<p><span><\/span><\/p>\n<p>Discover two natural gems of Mexico when you visit Cob\u00e1 and Punta Laguna<\/p>\n<p><span>_________________________<\/span><\/p>\n<p><span><\/span><\/p>\n<p><strong>Price : 2100 pesos (117 USD)<\/strong><\/p>\n<p><span class=\"boutonTour\">Learn more<\/span><\/p>\n<p><span><\/span><\/p>\n<p>[\/et_pb_blurb][\/et_pb_column][et_pb_column type=&#8221;1_3&#8243; _builder_version=&#8221;4.20.4&#8243; _module_preset=&#8221;default&#8221; global_colors_info=&#8221;{}&#8221;][et_pb_blurb title=&#8221;Classic tour TULUM \/ AKUMAL&#8221; url=&#8221;https:\/\/vivaohlala.com\/en\/excursion-mexico-tulum-visit-tour-classic-guide-english-speaking\/&#8221; image=&#8221;https:\/\/vivaohlala.com\/wp-content\/uploads\/2023\/04\/agence-de-voyage-francaise-tulum-akumal-mexique.jpg&#8221; module_class=&#8221;blzoom&#8221; _builder_version=&#8221;4.21.0&#8243; _module_preset=&#8221;default&#8221; header_font=&#8221;Noto Serif|700|||||||&#8221; header_text_align=&#8221;center&#8221; header_text_color=&#8221;#578279&#8243; header_font_size=&#8221;18px&#8221; min_height=&#8221;100%&#8221; custom_padding=&#8221;||||false|false&#8221; link_option_url=&#8221;https:\/\/vivaohlala.com\/en\/excursion-mexico-tulum-visit-tour-classic-guide-english-speaking\/&#8221; custom_css_blurb_image=&#8221;||&#8221; border_radii=&#8221;on|3px|3px|3px|3px&#8221; border_width_all=&#8221;1px&#8221; box_shadow_style=&#8221;preset1&#8243; global_colors_info=&#8221;{}&#8221; background_color__hover=&#8221;rgba(0,0,0,0.04)&#8221; background_enable_color__hover=&#8221;on&#8221; image_icon_background_color__hover_enabled=&#8221;off|hover&#8221; transform_styles__hover_enabled=&#8221;on|desktop&#8221; transform_scale__hover_enabled=&#8221;on|hover&#8221; transform_translate__hover=&#8221;0px|-5px&#8221; transform_translate__hover_enabled=&#8221;on|desktop&#8221; transform_rotate__hover_enabled=&#8221;on|desktop&#8221; transform_skew__hover_enabled=&#8221;on|desktop&#8221; transform_origin__hover_enabled=&#8221;on|desktop&#8221; background__hover_enabled=&#8221;on|hover&#8221;]<\/p>\n<p><span><\/span><\/p>\n<p>Make your ultimate dream come true by diving into crystal clear waters and swimming alongside majestic sea turtles in an unforgettable experience!<\/p>\n<p><span>_________________________<\/span><\/p>\n<p><span><\/span><\/p>\n<p><strong>Price : 2205 pesos (123 USD)<\/strong><\/p>\n<p><span class=\"boutonTour\">Learn more<\/span><\/p>\n<p><span><\/span><\/p>\n<p>[\/et_pb_blurb][\/et_pb_column][et_pb_column type=&#8221;1_3&#8243; _builder_version=&#8221;4.20.4&#8243; _module_preset=&#8221;default&#8221; global_colors_info=&#8221;{}&#8221;][et_pb_blurb title=&#8221;Classic tour in BACALAR&#8221; url=&#8221;https:\/\/vivaohlala.com\/en\/excursion-mexico-bacalar-visit-boat-tour-classic-guide-english-speaking\/&#8221; image=&#8221;https:\/\/vivaohlala.com\/wp-content\/uploads\/2023\/04\/agence-de-voyage-francaise-bacalar-mexique.jpg&#8221; module_class=&#8221;blzoom&#8221; _builder_version=&#8221;4.21.0&#8243; _module_preset=&#8221;default&#8221; header_font=&#8221;Noto Serif|700|||||||&#8221; header_text_align=&#8221;center&#8221; header_text_color=&#8221;#578279&#8243; header_font_size=&#8221;18px&#8221; min_height=&#8221;100%&#8221; custom_padding=&#8221;||||false|false&#8221; link_option_url=&#8221;https:\/\/vivaohlala.com\/en\/excursion-mexico-bacalar-visit-boat-tour-classic-guide-english-speaking\/&#8221; custom_css_blurb_image=&#8221;||&#8221; border_radii=&#8221;on|3px|3px|3px|3px&#8221; border_width_all=&#8221;1px&#8221; box_shadow_style=&#8221;preset1&#8243; global_colors_info=&#8221;{}&#8221; background_color__hover=&#8221;rgba(0,0,0,0.04)&#8221; background_enable_color__hover=&#8221;on&#8221; image_icon_background_color__hover_enabled=&#8221;off|hover&#8221; transform_styles__hover_enabled=&#8221;on|desktop&#8221; transform_scale__hover_enabled=&#8221;on|hover&#8221; transform_translate__hover=&#8221;0px|-5px&#8221; transform_translate__hover_enabled=&#8221;on|desktop&#8221; transform_rotate__hover_enabled=&#8221;on|desktop&#8221; transform_skew__hover_enabled=&#8221;on|desktop&#8221; transform_origin__hover_enabled=&#8221;on|desktop&#8221; background__hover_enabled=&#8221;on|hover&#8221;]<\/p>\n<p><span><\/span><\/p>\n<p>Whether you are a photography lover, a nature enthusiast or simply in search of tranquility, this getaway promises you unforgettable memories.<\/p>\n<p><span>_________________________<\/span><\/p>\n<p><span><\/span><\/p>\n<p><strong>Price : 2410 pesos (134 USD)<\/strong><\/p>\n<p><span class=\"boutonTour\">Learn more<\/span><\/p>\n<p><span><\/span><\/p>\n<p>[\/et_pb_blurb][\/et_pb_column][\/et_pb_row][et_pb_row column_structure=&#8221;1_3,1_3,1_3&#8243; make_equal=&#8221;on&#8221; _builder_version=&#8221;4.20.4&#8243; _module_preset=&#8221;default&#8221; global_colors_info=&#8221;{}&#8221;][et_pb_column type=&#8221;1_3&#8243; _builder_version=&#8221;4.20.4&#8243; _module_preset=&#8221;default&#8221; global_colors_info=&#8221;{}&#8221;][et_pb_blurb title=&#8221;Classic tour ISLA MUJERES&#8221; url=&#8221;https:\/\/vivaohlala.com\/en\/excursion-mexico-isla-mujeres-visit-tour-classic-guide-english-speaking\/&#8221; image=&#8221;https:\/\/vivaohlala.com\/wp-content\/uploads\/2023\/04\/agence-de-voyage-francaise-isla-mujeres-mexique.jpg&#8221; module_class=&#8221;blzoom&#8221; _builder_version=&#8221;4.21.0&#8243; _module_preset=&#8221;default&#8221; header_font=&#8221;Noto Serif|700|||||||&#8221; header_text_align=&#8221;center&#8221; header_text_color=&#8221;#578279&#8243; header_font_size=&#8221;18px&#8221; min_height=&#8221;100%&#8221; custom_padding=&#8221;||||false|false&#8221; link_option_url=&#8221;https:\/\/vivaohlala.com\/en\/excursion-mexico-isla-mujeres-visit-tour-classic-guide-english-speaking\/&#8221; custom_css_blurb_image=&#8221;||&#8221; border_radii=&#8221;on|3px|3px|3px|3px&#8221; border_width_all=&#8221;1px&#8221; box_shadow_style=&#8221;preset1&#8243; global_colors_info=&#8221;{}&#8221; background_color__hover=&#8221;rgba(0,0,0,0.04)&#8221; background_enable_color__hover=&#8221;on&#8221; image_icon_background_color__hover_enabled=&#8221;off|hover&#8221; transform_styles__hover_enabled=&#8221;on|desktop&#8221; transform_scale__hover_enabled=&#8221;on|hover&#8221; transform_translate__hover=&#8221;0px|-5px&#8221; transform_translate__hover_enabled=&#8221;on|desktop&#8221; transform_rotate__hover_enabled=&#8221;on|desktop&#8221; transform_skew__hover_enabled=&#8221;on|desktop&#8221; transform_origin__hover_enabled=&#8221;on|desktop&#8221; background__hover_enabled=&#8221;on|hover&#8221;]<\/p>\n<p><span><\/span><\/p>\n<div data-hook=\"tag-line-root\" class=\"soIXAHR\" tabindex=\"-1\">\n<p class=\"s_RN42i oz0738P---typography-11-runningText oz0738P---priority-7-primary sYCZueN\" aria-hidden=\"false\" data-hook=\"tag-line-text\">Explore underwater wonders on an unforgettable day of snorkeling with the largest submarine on the planet.<\/p>\n<\/div>\n<p><span>_________________________<\/span><\/p>\n<p><span><\/span><\/p>\n<p><strong>Price : 2310 pesos (129 USD)<\/strong><\/p>\n<p><span class=\"boutonTour\">Learn more<\/span><\/p>\n<p><span><\/span><\/p>\n<p>[\/et_pb_blurb][\/et_pb_column][et_pb_column type=&#8221;1_3&#8243; _builder_version=&#8221;4.20.4&#8243; _module_preset=&#8221;default&#8221; global_colors_info=&#8221;{}&#8221;][et_pb_blurb title=&#8221;Classic tour RIO LAGARTOS&#8221; url=&#8221;https:\/\/vivaohlala.com\/en\/excursion-mexico-rio-lagartos-visit-tour-classic-guide-english-speaking\/&#8221; image=&#8221;https:\/\/vivaohlala.com\/wp-content\/uploads\/2023\/04\/agence-de-voyage-francaise-rio-lagartos-mexique.jpg&#8221; module_class=&#8221;blzoom&#8221; _builder_version=&#8221;4.21.0&#8243; _module_preset=&#8221;default&#8221; header_font=&#8221;Noto Serif|700|||||||&#8221; header_text_align=&#8221;center&#8221; header_text_color=&#8221;#578279&#8243; header_font_size=&#8221;18px&#8221; min_height=&#8221;100%&#8221; custom_padding=&#8221;||||false|false&#8221; link_option_url=&#8221;https:\/\/vivaohlala.com\/en\/excursion-mexico-rio-lagartos-visit-tour-classic-guide-english-speaking\/&#8221; custom_css_blurb_image=&#8221;||&#8221; border_radii=&#8221;on|3px|3px|3px|3px&#8221; border_width_all=&#8221;1px&#8221; box_shadow_style=&#8221;preset1&#8243; global_colors_info=&#8221;{}&#8221; background_color__hover=&#8221;rgba(0,0,0,0.04)&#8221; background_enable_color__hover=&#8221;on&#8221; image_icon_background_color__hover_enabled=&#8221;off|hover&#8221; transform_styles__hover_enabled=&#8221;on|desktop&#8221; transform_scale__hover_enabled=&#8221;on|hover&#8221; transform_translate__hover=&#8221;0px|-5px&#8221; transform_translate__hover_enabled=&#8221;on|desktop&#8221; transform_rotate__hover_enabled=&#8221;on|desktop&#8221; transform_skew__hover_enabled=&#8221;on|desktop&#8221; transform_origin__hover_enabled=&#8221;on|desktop&#8221; background__hover_enabled=&#8221;on|hover&#8221;]<\/p>\n<p><span><\/span><\/p>\n<p>Treat yourself to an unforgettable adventure exploring the wonders of Ek Balam, Rio Lagartos and Las Coloradas on a unique excursion.<\/p>\n<p><span>_________________________<\/span><\/p>\n<p><span><\/span><\/p>\n<p><strong>Price : 2410 pesos (134 USD)<\/strong><\/p>\n<p><span class=\"boutonTour\">Learn more<\/span><\/p>\n<p><span><\/span><\/p>\n<p>[\/et_pb_blurb][\/et_pb_column][et_pb_column type=&#8221;1_3&#8243; _builder_version=&#8221;4.20.4&#8243; _module_preset=&#8221;default&#8221; global_colors_info=&#8221;{}&#8221;][\/et_pb_column][\/et_pb_row][\/et_pb_section]<\/p>\n","protected":false},"excerpt":{"rendered":"<p>Our classic excursionsDiscover the Best Excursions of the Riviera Maya on our Small Group Outings. Enjoy unique and unforgettable experiences in the most beautiful gems of the country, with a maximum of 12 people. Transfers from Your Accommodation For your convenience, we will pick you up directly from your accommodation. Enjoy a practical and hassle-free [&hellip;]<\/p>\n","protected":false},"author":1,"featured_media":0,"parent":0,"menu_order":0,"comment_status":"closed","ping_status":"closed","template":"","meta":{"_et_pb_use_builder":"on","_et_pb_old_content":"","_et_gb_content_width":"","_joinchat":[],"footnotes":""},"class_list":["post-1069","page","type-page","status-publish","hentry"],"_links":{"self":[{"href":"https:\/\/vivaohlala.com\/en\/wp-json\/wp\/v2\/pages\/1069","targetHints":{"allow":["GET"]}}],"collection":[{"href":"https:\/\/vivaohlala.com\/en\/wp-json\/wp\/v2\/pages"}],"about":[{"href":"https:\/\/vivaohlala.com\/en\/wp-json\/wp\/v2\/types\/page"}],"author":[{"embeddable":true,"href":"https:\/\/vivaohlala.com\/en\/wp-json\/wp\/v2\/users\/1"}],"replies":[{"embeddable":true,"href":"https:\/\/vivaohlala.com\/en\/wp-json\/wp\/v2\/comments?post=1069"}],"version-history":[{"count":26,"href":"https:\/\/vivaohlala.com\/en\/wp-json\/wp\/v2\/pages\/1069\/revisions"}],"predecessor-version":[{"id":3317,"href":"https:\/\/vivaohlala.com\/en\/wp-json\/wp\/v2\/pages\/1069\/revisions\/3317"}],"wp:attachment":[{"href":"https:\/\/vivaohlala.com\/en\/wp-json\/wp\/v2\/media?parent=1069"}],"curies":[{"name":"wp","href":"https:\/\/api.w.org\/{rel}","templated":true}]}}