{"id":1072,"date":"2023-04-10T17:44:37","date_gmt":"2023-04-10T15:44:37","guid":{"rendered":"https:\/\/vivaohlala.com\/our-private-excursions\/"},"modified":"2023-07-28T06:00:12","modified_gmt":"2023-07-28T04:00:12","slug":"our-private-excursions-riviera-maya-mexico","status":"publish","type":"page","link":"https:\/\/vivaohlala.com\/en\/our-private-excursions-riviera-maya-mexico\/","title":{"rendered":"Our private excursions"},"content":{"rendered":"<p>[et_pb_section fb_built=&#8221;1&#8243; _builder_version=&#8221;4.20.4&#8243; _module_preset=&#8221;default&#8221; background_image=&#8221;https:\/\/vivaohlala.com\/wp-content\/uploads\/2023\/04\/nos-excursions-classiques-mexique-riviera-maya-cancun.jpg&#8221; global_colors_info=&#8221;{}&#8221;][et_pb_row _builder_version=&#8221;4.20.4&#8243; _module_preset=&#8221;default&#8221; global_colors_info=&#8221;{}&#8221;][et_pb_column type=&#8221;4_4&#8243; _builder_version=&#8221;4.20.4&#8243; _module_preset=&#8221;default&#8221; global_colors_info=&#8221;{}&#8221;][et_pb_text _builder_version=&#8221;4.21.0&#8243; _module_preset=&#8221;default&#8221; header_font=&#8221;Noto Serif|700|||||||&#8221; header_text_color=&#8221;#FFFFFF&#8221; header_font_size=&#8221;50px&#8221; hover_enabled=&#8221;0&#8243; global_colors_info=&#8221;{}&#8221; sticky_enabled=&#8221;0&#8243;]<\/p>\n<h1 style=\"text-align: center;\">Our private excursions<\/h1>\n<p>[\/et_pb_text][\/et_pb_column][\/et_pb_row][\/et_pb_section][et_pb_section fb_built=&#8221;1&#8243; _builder_version=&#8221;4.20.4&#8243; _module_preset=&#8221;default&#8221; custom_padding=&#8221;||7px|||&#8221; global_colors_info=&#8221;{}&#8221;][et_pb_row _builder_version=&#8221;4.20.4&#8243; _module_preset=&#8221;default&#8221; hover_enabled=&#8221;0&#8243; locked=&#8221;off&#8221; global_colors_info=&#8221;{}&#8221; sticky_enabled=&#8221;0&#8243;][et_pb_column type=&#8221;4_4&#8243; _builder_version=&#8221;4.20.4&#8243; _module_preset=&#8221;default&#8221; global_colors_info=&#8221;{}&#8221;][et_pb_text _builder_version=&#8221;4.21.0&#8243; _module_preset=&#8221;default&#8221; text_font=&#8221;Noto Serif|700|on||||||&#8221; text_font_size=&#8221;17px&#8221; text_line_height=&#8221;1.6em&#8221; text_orientation=&#8221;center&#8221; hover_enabled=&#8221;0&#8243; global_colors_info=&#8221;{}&#8221; sticky_enabled=&#8221;0&#8243;]<\/p>\n<h3 style=\"text-align: center;\">Treat Yourself to a Unique Travel Experience with Our Private Excursions in the Riviera Maya<\/h3>\n<p style=\"text-align: center;\">Discover the cultural and natural wonders of Mexico on a full-day adventure with your friends or family, without the hassle of other travelers.<\/p>\n<h3 style=\"text-align: center;\">Transfers from Your Accommodation<\/h3>\n<p style=\"text-align: center;\">For a hassle-free experience, our team will pick you up directly from your accommodation. Enjoy a convenient and personalized service from the start of your day.<\/p>\n<h3 style=\"text-align: center;\">A Customizable Adventure<\/h3>\n<p style=\"text-align: center;\">We provide expert-recommended itineraries, but we are also open to customizing the day according to your preferences. Whether you want to explore ancient ruins, relax on spectacular beaches, or marvel at the wonders of nature, we will be there to guide you and ensure an unforgettable experience.<\/p>\n<h3 style=\"text-align: center;\">A Dedicated Team at Your Service<\/h3>\n<p style=\"text-align: center;\">Our devoted team will be at your disposal to cater to all your needs and accompany you throughout this exceptional journey.<\/p>\n<h3 style=\"text-align: center;\">Book Your Private Excursions Now<\/h3>\n<p style=\"text-align: center;\">Reserve your private excursion in Mexico now and get ready to create memorable moments in an extraordinary setting. Treat yourself to a unique and personalized travel experience in the Riviera Maya, Mexico<\/p>\n<p>[\/et_pb_text][\/et_pb_column][\/et_pb_row][\/et_pb_section][et_pb_section fb_built=&#8221;1&#8243; _builder_version=&#8221;4.20.4&#8243; _module_preset=&#8221;default&#8221; custom_padding=&#8221;2px||9px|||&#8221; global_colors_info=&#8221;{}&#8221;][et_pb_row column_structure=&#8221;1_3,1_3,1_3&#8243; make_equal=&#8221;on&#8221; _builder_version=&#8221;4.20.4&#8243; _module_preset=&#8221;default&#8221; global_colors_info=&#8221;{}&#8221;][et_pb_column type=&#8221;1_3&#8243; _builder_version=&#8221;4.21.0&#8243; _module_preset=&#8221;default&#8221; global_colors_info=&#8221;{}&#8221;][et_pb_blurb title=&#8221;Private tour CHICHEN ITZA&#8221; url=&#8221;https:\/\/vivaohlala.com\/en\/excursion-mexico-chichen-itza-visit-tour-private-guide-english-speaking\/&#8221; image=&#8221;https:\/\/vivaohlala.com\/wp-content\/uploads\/2023\/07\/agence-dexcursion-francophone-chichen-itza.jpg&#8221; module_class=&#8221;blzoom&#8221; _builder_version=&#8221;4.21.0&#8243; _module_preset=&#8221;default&#8221; header_font=&#8221;Noto Serif|700|||||||&#8221; header_text_align=&#8221;center&#8221; header_text_color=&#8221;#578279&#8243; header_font_size=&#8221;18px&#8221; min_height=&#8221;100%&#8221; custom_padding=&#8221;||||false|false&#8221; link_option_url=&#8221;https:\/\/vivaohlala.com\/en\/excursion-mexico-chichen-itza-visit-tour-private-guide-english-speaking\/&#8221; custom_css_blurb_image=&#8221;||&#8221; border_radii=&#8221;on|3px|3px|3px|3px&#8221; border_width_all=&#8221;1px&#8221; box_shadow_style=&#8221;preset1&#8243; global_colors_info=&#8221;{}&#8221; background_color__hover=&#8221;rgba(0,0,0,0.04)&#8221; background_enable_color__hover=&#8221;on&#8221; image_icon_background_color__hover_enabled=&#8221;off|hover&#8221; transform_styles__hover_enabled=&#8221;on|desktop&#8221; transform_scale__hover_enabled=&#8221;on|hover&#8221; transform_translate__hover=&#8221;0px|-5px&#8221; transform_translate__hover_enabled=&#8221;on|desktop&#8221; transform_rotate__hover_enabled=&#8221;on|desktop&#8221; transform_skew__hover_enabled=&#8221;on|desktop&#8221; transform_origin__hover_enabled=&#8221;on|desktop&#8221; background__hover_enabled=&#8221;on|hover&#8221;]<\/p>\n<p><span><\/span><\/p>\n<p>This unforgettable experience will remain etched in your memory and leave you with a deeper understanding of the grandeur of the ancient Mayan civilization.<\/p>\n<p><span>_________________________<\/span><\/p>\n<p><span><\/span><\/p>\n<p><strong>Price upon request<\/strong><\/p>\n<p><span class=\"boutonTour\">Learn more<\/span><\/p>\n<p><span><\/span><\/p>\n<p>[\/et_pb_blurb][\/et_pb_column][et_pb_column type=&#8221;1_3&#8243; _builder_version=&#8221;4.20.4&#8243; _module_preset=&#8221;default&#8221; global_colors_info=&#8221;{}&#8221;][et_pb_blurb title=&#8221;Private tour TULUM \/ AKUMAL&#8221; url=&#8221;https:\/\/vivaohlala.com\/en\/excursion-mexico-tulum-visit-tour-private-guide-english-speaking\/&#8221; image=&#8221;https:\/\/vivaohlala.com\/wp-content\/uploads\/2023\/04\/agence-de-voyage-francaise-tulum-akumal-mexique.jpg&#8221; module_class=&#8221;blzoom&#8221; _builder_version=&#8221;4.21.0&#8243; _module_preset=&#8221;default&#8221; header_font=&#8221;Noto Serif|700|||||||&#8221; header_text_align=&#8221;center&#8221; header_text_color=&#8221;#578279&#8243; header_font_size=&#8221;18px&#8221; min_height=&#8221;100%&#8221; custom_padding=&#8221;||||false|false&#8221; link_option_url=&#8221;https:\/\/vivaohlala.com\/en\/excursion-mexico-tulum-visit-tour-private-guide-english-speaking\/&#8221; custom_css_blurb_image=&#8221;||&#8221; border_radii=&#8221;on|3px|3px|3px|3px&#8221; border_width_all=&#8221;1px&#8221; box_shadow_style=&#8221;preset1&#8243; global_colors_info=&#8221;{}&#8221; background_color__hover=&#8221;rgba(0,0,0,0.04)&#8221; background_enable_color__hover=&#8221;on&#8221; image_icon_background_color__hover_enabled=&#8221;off|hover&#8221; transform_styles__hover_enabled=&#8221;on|desktop&#8221; transform_scale__hover_enabled=&#8221;on|hover&#8221; transform_translate__hover=&#8221;0px|-5px&#8221; transform_translate__hover_enabled=&#8221;on|desktop&#8221; transform_rotate__hover_enabled=&#8221;on|desktop&#8221; transform_skew__hover_enabled=&#8221;on|desktop&#8221; transform_origin__hover_enabled=&#8221;on|desktop&#8221; background__hover_enabled=&#8221;on|hover&#8221;]<\/p>\n<p><span><\/span><\/p>\n<p>Turn your dream into reality: dive into crystal clear waters and swim alongside majestic sea turtles!<\/p>\n<p><span>_________________________<\/span><\/p>\n<p><span><\/span><\/p>\n<p><strong>Price upon request<\/strong><\/p>\n<p><span class=\"boutonTour\">Learn more<\/span><\/p>\n<p><span><\/span><\/p>\n<p>[\/et_pb_blurb][\/et_pb_column][et_pb_column type=&#8221;1_3&#8243; _builder_version=&#8221;4.20.4&#8243; _module_preset=&#8221;default&#8221; global_colors_info=&#8221;{}&#8221;][et_pb_blurb title=&#8221;Private tour HOLBOX&#8221; url=&#8221;https:\/\/vivaohlala.com\/en\/excursion-mexico-holbox-visit-tour-private-guide-english-speaking\/&#8221; image=&#8221;https:\/\/vivaohlala.com\/wp-content\/uploads\/2023\/07\/visite-holbox-tour-operateur-francophone-ConvertImage.jpg&#8221; alt=&#8221;Visite d&#8217;Holbox avec le Tour Op\u00e9rateur VivaOhlala sp\u00e9cialis\u00e9 dans les excursions francophones&#8221; module_class=&#8221;blzoom&#8221; _builder_version=&#8221;4.21.0&#8243; _module_preset=&#8221;default&#8221; header_font=&#8221;Noto Serif|700|||||||&#8221; header_text_align=&#8221;center&#8221; header_text_color=&#8221;#578279&#8243; header_font_size=&#8221;18px&#8221; transform_translate_linked__hover=&#8221;off&#8221; min_height=&#8221;100%&#8221; custom_padding=&#8221;||||false|false&#8221; link_option_url=&#8221;https:\/\/vivaohlala.com\/en\/excursion-mexico-holbox-visit-tour-private-guide-english-speaking\/&#8221; custom_css_blurb_image=&#8221;||&#8221; border_radii=&#8221;on|3px|3px|3px|3px&#8221; border_width_all=&#8221;1px&#8221; box_shadow_style=&#8221;preset1&#8243; global_colors_info=&#8221;{}&#8221; transform_styles__hover_enabled=&#8221;on|desktop&#8221; transform_scale__hover_enabled=&#8221;on|hover&#8221; transform_translate__hover_enabled=&#8221;on|desktop&#8221; transform_rotate__hover_enabled=&#8221;on|desktop&#8221; transform_skew__hover_enabled=&#8221;on|desktop&#8221; transform_origin__hover_enabled=&#8221;on|desktop&#8221; transform_translate__hover=&#8221;0px|-5px&#8221; image_icon_background_color__hover_enabled=&#8221;off|hover&#8221; background__hover_enabled=&#8221;on|hover&#8221; background_color__hover=&#8221;rgba(0,0,0,0.04)&#8221; background_enable_color__hover=&#8221;on&#8221;]<\/p>\n<p><span><\/span><\/p>\n<p>Holbox: The Terrestrial Paradise that transports you to a dream world!<\/p>\n<p><span>_________________________<\/span><\/p>\n<p><span><\/span><\/p>\n<p><strong>Price upon request<\/strong><\/p>\n<p><span class=\"boutonTour\">Learn more<\/span><\/p>\n<p><span><\/span><\/p>\n<p>[\/et_pb_blurb][\/et_pb_column][\/et_pb_row][et_pb_row column_structure=&#8221;1_3,1_3,1_3&#8243; make_equal=&#8221;on&#8221; _builder_version=&#8221;4.20.4&#8243; _module_preset=&#8221;default&#8221; global_colors_info=&#8221;{}&#8221;][et_pb_column type=&#8221;1_3&#8243; _builder_version=&#8221;4.21.0&#8243; _module_preset=&#8221;default&#8221; global_colors_info=&#8221;{}&#8221;][et_pb_blurb title=&#8221;Private tour COBA \/ PUNTA LAGUNA&#8221; url=&#8221;https:\/\/vivaohlala.com\/en\/excursion-mexico-coba-visit-tour-private-guide-english-speaking\/&#8221; image=&#8221;https:\/\/vivaohlala.com\/wp-content\/uploads\/2023\/04\/agence-de-voyage-francaise-coba-punta-laguna-mexique.jpg&#8221; module_class=&#8221;blzoom&#8221; _builder_version=&#8221;4.21.0&#8243; _module_preset=&#8221;default&#8221; header_font=&#8221;Noto Serif|700|||||||&#8221; header_text_align=&#8221;center&#8221; header_text_color=&#8221;#578279&#8243; header_font_size=&#8221;18px&#8221; min_height=&#8221;100%&#8221; custom_padding=&#8221;||||false|false&#8221; link_option_url=&#8221;https:\/\/vivaohlala.com\/en\/excursion-mexico-coba-visit-tour-private-guide-english-speaking\/&#8221; custom_css_blurb_image=&#8221;||&#8221; border_radii=&#8221;on|3px|3px|3px|3px&#8221; border_width_all=&#8221;1px&#8221; box_shadow_style=&#8221;preset1&#8243; global_colors_info=&#8221;{}&#8221; background_color__hover=&#8221;rgba(0,0,0,0.04)&#8221; background_enable_color__hover=&#8221;on&#8221; image_icon_background_color__hover_enabled=&#8221;off|hover&#8221; transform_styles__hover_enabled=&#8221;on|desktop&#8221; transform_scale__hover_enabled=&#8221;on|hover&#8221; transform_translate__hover=&#8221;0px|-5px&#8221; transform_translate__hover_enabled=&#8221;on|desktop&#8221; transform_rotate__hover_enabled=&#8221;on|desktop&#8221; transform_skew__hover_enabled=&#8221;on|desktop&#8221; transform_origin__hover_enabled=&#8221;on|desktop&#8221; background__hover_enabled=&#8221;on|hover&#8221;]<\/p>\n<p><span><\/span><\/p>\n<p>Explore the fascinating ancient city of Cob\u00e1 while being captivated by the enchanting beauty of the Punta Laguna Reserve. This unique combination will take you on a journey through time and nature.<\/p>\n<p><span>_________________________<\/span><\/p>\n<p><span><\/span><\/p>\n<p><strong>Price upon request<\/strong><\/p>\n<p><span class=\"boutonTour\">Learn more<\/span><\/p>\n<p><span><\/span><\/p>\n<p>[\/et_pb_blurb][\/et_pb_column][et_pb_column type=&#8221;1_3&#8243; _builder_version=&#8221;4.20.4&#8243; _module_preset=&#8221;default&#8221; global_colors_info=&#8221;{}&#8221;][et_pb_blurb title=&#8221;Private tour BACALAR&#8221; url=&#8221;https:\/\/vivaohlala.com\/en\/excursion-mexico-bacalar-visit-boat-tour-private-guide-english-speaking\/&#8221; image=&#8221;https:\/\/vivaohlala.com\/wp-content\/uploads\/2023\/04\/agence-de-voyage-francaise-bacalar-mexique.jpg&#8221; module_class=&#8221;blzoom&#8221; _builder_version=&#8221;4.21.0&#8243; _module_preset=&#8221;default&#8221; header_font=&#8221;Noto Serif|700|||||||&#8221; header_text_align=&#8221;center&#8221; header_text_color=&#8221;#578279&#8243; header_font_size=&#8221;18px&#8221; min_height=&#8221;100%&#8221; custom_padding=&#8221;||||false|false&#8221; link_option_url=&#8221;https:\/\/vivaohlala.com\/en\/excursion-mexico-bacalar-visit-boat-tour-private-guide-english-speaking\/&#8221; custom_css_blurb_image=&#8221;||&#8221; border_radii=&#8221;on|3px|3px|3px|3px&#8221; border_width_all=&#8221;1px&#8221; box_shadow_style=&#8221;preset1&#8243; global_colors_info=&#8221;{}&#8221; background_color__hover=&#8221;rgba(0,0,0,0.04)&#8221; background_enable_color__hover=&#8221;on&#8221; image_icon_background_color__hover_enabled=&#8221;off|hover&#8221; transform_styles__hover_enabled=&#8221;on|desktop&#8221; transform_scale__hover_enabled=&#8221;on|hover&#8221; transform_translate__hover=&#8221;0px|-5px&#8221; transform_translate__hover_enabled=&#8221;on|desktop&#8221; transform_rotate__hover_enabled=&#8221;on|desktop&#8221; transform_skew__hover_enabled=&#8221;on|desktop&#8221; transform_origin__hover_enabled=&#8221;on|desktop&#8221; background__hover_enabled=&#8221;on|hover&#8221;]<\/p>\n<p><span><\/span><\/p>\n<p>Book your getaway to the seven shades of blue lagoon now and get ready for an exceptional and captivating experience.<\/p>\n<p><span>_________________________<\/span><\/p>\n<p><span><\/span><\/p>\n<p><strong>Price upon request<\/strong><\/p>\n<p><span class=\"boutonTour\">Learn more<\/span><\/p>\n<p><span><\/span><\/p>\n<p>[\/et_pb_blurb][\/et_pb_column][et_pb_column type=&#8221;1_3&#8243; _builder_version=&#8221;4.20.4&#8243; _module_preset=&#8221;default&#8221; global_colors_info=&#8221;{}&#8221;][et_pb_blurb title=&#8221;Private tour RIO LAGARTOS&#8221; url=&#8221;https:\/\/vivaohlala.com\/en\/excursion-mexico-rio-lagartos-visit-tour-private-guide-english-speaking\/&#8221; image=&#8221;https:\/\/vivaohlala.com\/wp-content\/uploads\/2023\/04\/agence-de-voyage-francaise-rio-lagartos-mexique.jpg&#8221; title_last_edited=&#8221;off|desktop&#8221; module_class=&#8221;blzoom&#8221; _builder_version=&#8221;4.21.0&#8243; _module_preset=&#8221;default&#8221; header_font=&#8221;Noto Serif|700|||||||&#8221; header_text_align=&#8221;center&#8221; header_text_color=&#8221;#578279&#8243; header_font_size=&#8221;18px&#8221; min_height=&#8221;100%&#8221; custom_padding=&#8221;||||false|false&#8221; link_option_url=&#8221;https:\/\/vivaohlala.com\/en\/excursion-mexico-rio-lagartos-visit-tour-private-guide-english-speaking\/&#8221; custom_css_blurb_image=&#8221;||&#8221; border_radii=&#8221;on|3px|3px|3px|3px&#8221; border_width_all=&#8221;1px&#8221; box_shadow_style=&#8221;preset1&#8243; global_colors_info=&#8221;{}&#8221; background_color__hover=&#8221;rgba(0,0,0,0.04)&#8221; background_enable_color__hover=&#8221;on&#8221; image_icon_background_color__hover_enabled=&#8221;off|hover&#8221; transform_styles__hover_enabled=&#8221;on|desktop&#8221; transform_scale__hover_enabled=&#8221;on|hover&#8221; transform_translate__hover=&#8221;0px|-5px&#8221; transform_translate__hover_enabled=&#8221;on|desktop&#8221; transform_rotate__hover_enabled=&#8221;on|desktop&#8221; transform_skew__hover_enabled=&#8221;on|desktop&#8221; transform_origin__hover_enabled=&#8221;on|desktop&#8221; background__hover_enabled=&#8221;on|hover&#8221;]<\/p>\n<p><span><\/span><\/p>\n<p>Escape to hidden gems: Ek Balam, Rio Lagartos and Las Coloradas, enchanting destinations that are sure to amaze you.<\/p>\n<p><span>_________________________<\/span><\/p>\n<p><span><\/span><\/p>\n<p><strong>Price upon request<\/strong><\/p>\n<p><span class=\"boutonTour\">Learn more<\/span><\/p>\n<p><span><\/span><\/p>\n<p>[\/et_pb_blurb][\/et_pb_column][\/et_pb_row][et_pb_row column_structure=&#8221;1_3,1_3,1_3&#8243; make_equal=&#8221;on&#8221; _builder_version=&#8221;4.20.4&#8243; _module_preset=&#8221;default&#8221; global_colors_info=&#8221;{}&#8221;][et_pb_column type=&#8221;1_3&#8243; _builder_version=&#8221;4.20.4&#8243; _module_preset=&#8221;default&#8221; global_colors_info=&#8221;{}&#8221;][et_pb_blurb title=&#8221;Private tour ISLA MUJERES&#8221; url=&#8221;https:\/\/vivaohlala.com\/en\/excursion-mexico-isla-mujeres-visit-tour-private-guide-english-speaking\/&#8221; image=&#8221;https:\/\/vivaohlala.com\/wp-content\/uploads\/2023\/04\/agence-de-voyage-francaise-isla-mujeres-mexique.jpg&#8221; module_class=&#8221;blzoom&#8221; _builder_version=&#8221;4.21.0&#8243; _module_preset=&#8221;default&#8221; header_font=&#8221;Noto Serif|700|||||||&#8221; header_text_align=&#8221;center&#8221; header_text_color=&#8221;#578279&#8243; header_font_size=&#8221;18px&#8221; min_height=&#8221;100%&#8221; custom_padding=&#8221;||||false|false&#8221; link_option_url=&#8221;https:\/\/vivaohlala.com\/en\/excursion-mexico-isla-mujeres-visit-tour-private-guide-english-speaking\/&#8221; custom_css_blurb_image=&#8221;||&#8221; border_radii=&#8221;on|3px|3px|3px|3px&#8221; border_width_all=&#8221;1px&#8221; box_shadow_style=&#8221;preset1&#8243; global_colors_info=&#8221;{}&#8221; background_color__hover=&#8221;rgba(0,0,0,0.04)&#8221; background_enable_color__hover=&#8221;on&#8221; image_icon_background_color__hover_enabled=&#8221;off|hover&#8221; transform_styles__hover_enabled=&#8221;on|desktop&#8221; transform_scale__hover_enabled=&#8221;on|hover&#8221; transform_translate__hover=&#8221;0px|-5px&#8221; transform_translate__hover_enabled=&#8221;on|desktop&#8221; transform_rotate__hover_enabled=&#8221;on|desktop&#8221; transform_skew__hover_enabled=&#8221;on|desktop&#8221; transform_origin__hover_enabled=&#8221;on|desktop&#8221; background__hover_enabled=&#8221;on|hover&#8221;]<\/p>\n<p><span><\/span><\/p>\n<p>Dive into an unforgettable underwater adventure in Isla Mujeres, where you will discover the largest underwater museum in the world. An experience that combines the beauty of the crystal clear waters of the Caribbean Sea with spectacular underwater art.<\/p>\n<p><span>_________________________<\/span><\/p>\n<p><span><\/span><\/p>\n<p><strong>Price upon request<\/strong><\/p>\n<p><span class=\"boutonTour\">Learn more<\/span><\/p>\n<p><span><\/span><\/p>\n<p>[\/et_pb_blurb][\/et_pb_column][et_pb_column type=&#8221;1_3&#8243; _builder_version=&#8221;4.20.4&#8243; _module_preset=&#8221;default&#8221; global_colors_info=&#8221;{}&#8221;][et_pb_blurb title=&#8221;Private tour SIAN KA&#8217;AN&#8221; url=&#8221;https:\/\/vivaohlala.com\/en\/excursion-mexico-sian-kaan-visit-tour-private-guide-english-speaking\/&#8221; image=&#8221;https:\/\/vivaohlala.com\/wp-content\/uploads\/2023\/07\/excursion-sian-kaan-francophone.jpg&#8221; module_class=&#8221;blzoom&#8221; _builder_version=&#8221;4.21.0&#8243; _module_preset=&#8221;default&#8221; header_font=&#8221;Noto Serif|700|||||||&#8221; header_text_align=&#8221;center&#8221; header_text_color=&#8221;#578279&#8243; header_font_size=&#8221;18px&#8221; min_height=&#8221;100%&#8221; custom_padding=&#8221;||||false|false&#8221; link_option_url=&#8221;https:\/\/vivaohlala.com\/en\/excursion-mexico-sian-kaan-visit-tour-private-guide-english-speaking\/&#8221; custom_css_blurb_image=&#8221;||&#8221; border_radii=&#8221;on|3px|3px|3px|3px&#8221; border_width_all=&#8221;1px&#8221; box_shadow_style=&#8221;preset1&#8243; global_colors_info=&#8221;{}&#8221; background_color__hover=&#8221;rgba(0,0,0,0.04)&#8221; background_enable_color__hover=&#8221;on&#8221; image_icon_background_color__hover_enabled=&#8221;off|hover&#8221; transform_styles__hover_enabled=&#8221;on|desktop&#8221; transform_scale__hover_enabled=&#8221;on|hover&#8221; transform_translate__hover=&#8221;0px|-5px&#8221; transform_translate__hover_enabled=&#8221;on|desktop&#8221; transform_rotate__hover_enabled=&#8221;on|desktop&#8221; transform_skew__hover_enabled=&#8221;on|desktop&#8221; transform_origin__hover_enabled=&#8221;on|desktop&#8221; background__hover_enabled=&#8221;on|hover&#8221;]<\/p>\n<p><span><\/span><\/p>\n<p>Immerse yourself in the extraordinary adventure of Sian Ka&#8217;an and discover a wealth of fascinating animals in their unspoiled natural habitat.<\/p>\n<p><span>_________________________<\/span><\/p>\n<p><span><\/span><\/p>\n<p><strong>Price upon request<\/strong><\/p>\n<p><span class=\"boutonTour\">Learn more<\/span><\/p>\n<p><span><\/span><\/p>\n<p>[\/et_pb_blurb][\/et_pb_column][et_pb_column type=&#8221;1_3&#8243; _builder_version=&#8221;4.20.4&#8243; _module_preset=&#8221;default&#8221; global_colors_info=&#8221;{}&#8221;][\/et_pb_column][\/et_pb_row][\/et_pb_section]<\/p>\n","protected":false},"excerpt":{"rendered":"<p>Our private excursionsTreat Yourself to a Unique Travel Experience with Our Private Excursions in the Riviera Maya Discover the cultural and natural wonders of Mexico on a full-day adventure with your friends or family, without the hassle of other travelers. Transfers from Your Accommodation For a hassle-free experience, our team will pick you up directly [&hellip;]<\/p>\n","protected":false},"author":1,"featured_media":0,"parent":0,"menu_order":0,"comment_status":"closed","ping_status":"closed","template":"","meta":{"_et_pb_use_builder":"on","_et_pb_old_content":"","_et_gb_content_width":"","_joinchat":[],"footnotes":""},"class_list":["post-1072","page","type-page","status-publish","hentry"],"_links":{"self":[{"href":"https:\/\/vivaohlala.com\/en\/wp-json\/wp\/v2\/pages\/1072","targetHints":{"allow":["GET"]}}],"collection":[{"href":"https:\/\/vivaohlala.com\/en\/wp-json\/wp\/v2\/pages"}],"about":[{"href":"https:\/\/vivaohlala.com\/en\/wp-json\/wp\/v2\/types\/page"}],"author":[{"embeddable":true,"href":"https:\/\/vivaohlala.com\/en\/wp-json\/wp\/v2\/users\/1"}],"replies":[{"embeddable":true,"href":"https:\/\/vivaohlala.com\/en\/wp-json\/wp\/v2\/comments?post=1072"}],"version-history":[{"count":26,"href":"https:\/\/vivaohlala.com\/en\/wp-json\/wp\/v2\/pages\/1072\/revisions"}],"predecessor-version":[{"id":3319,"href":"https:\/\/vivaohlala.com\/en\/wp-json\/wp\/v2\/pages\/1072\/revisions\/3319"}],"wp:attachment":[{"href":"https:\/\/vivaohlala.com\/en\/wp-json\/wp\/v2\/media?parent=1072"}],"curies":[{"name":"wp","href":"https:\/\/api.w.org\/{rel}","templated":true}]}}