{"id":2652,"date":"2023-06-09T23:06:08","date_gmt":"2023-06-09T21:06:08","guid":{"rendered":"https:\/\/vivaohlala.com\/bon-plan\/"},"modified":"2023-07-28T05:53:27","modified_gmt":"2023-07-28T03:53:27","slug":"good-plan-riviera-maya-mexico","status":"publish","type":"page","link":"https:\/\/vivaohlala.com\/en\/good-plan-riviera-maya-mexico\/","title":{"rendered":"Bon plan"},"content":{"rendered":"<p>[et_pb_section fb_built=&#8221;1&#8243; _builder_version=&#8221;4.20.4&#8243; _module_preset=&#8221;default&#8221; background_image=&#8221;https:\/\/vivaohlala.com\/wp-content\/uploads\/2023\/04\/vivaohlala-excursion-mexique-yucatan-riviera-maya-photo-video-drone.jpg&#8221; global_colors_info=&#8221;{}&#8221;][et_pb_row _builder_version=&#8221;4.20.4&#8243; _module_preset=&#8221;default&#8221; global_colors_info=&#8221;{}&#8221;][et_pb_column type=&#8221;4_4&#8243; _builder_version=&#8221;4.20.4&#8243; _module_preset=&#8221;default&#8221; global_colors_info=&#8221;{}&#8221;][et_pb_text _builder_version=&#8221;4.21.0&#8243; _module_preset=&#8221;default&#8221; header_font=&#8221;Noto Serif|700|||||||&#8221; header_text_align=&#8221;center&#8221; header_text_color=&#8221;#FFFFFF&#8221; header_font_size=&#8221;50px&#8221; background_enable_image=&#8221;off&#8221; header_font_size_tablet=&#8221;40px&#8221; header_font_size_phone=&#8221;40px&#8221; header_font_size_last_edited=&#8221;on|desktop&#8221; global_colors_info=&#8221;{}&#8221;]<\/p>\n<h1>Bon plan<\/h1>\n<p>[\/et_pb_text][\/et_pb_column][\/et_pb_row][\/et_pb_section][et_pb_section fb_built=&#8221;1&#8243; module_class=&#8221;blzoom&#8221; _builder_version=&#8221;4.21.0&#8243; _module_preset=&#8221;default&#8221; border_radii=&#8221;on|3px|3px|3px|3px&#8221; global_colors_info=&#8221;{}&#8221;][et_pb_row _builder_version=&#8221;4.20.4&#8243; _module_preset=&#8221;default&#8221; locked=&#8221;off&#8221; global_colors_info=&#8221;{}&#8221;][et_pb_column type=&#8221;4_4&#8243; _builder_version=&#8221;4.20.4&#8243; _module_preset=&#8221;default&#8221; global_colors_info=&#8221;{}&#8221;][et_pb_text _builder_version=&#8221;4.21.0&#8243; _module_preset=&#8221;default&#8221; text_font=&#8221;Noto Serif|700|on||||||&#8221; text_font_size=&#8221;17px&#8221; text_line_height=&#8221;1.6em&#8221; text_orientation=&#8221;center&#8221; global_colors_info=&#8221;{}&#8221;]En tant que visiteur recommand\u00e9 par notre site, vous b\u00e9n\u00e9ficierez de r\u00e9ductions exclusives et d&#8217;un traitement privil\u00e9gi\u00e9 lors de votre s\u00e9jour. Nous avons \u00e9tabli des partenariats avec les meilleurs prestataires de la r\u00e9gion, et nous sommes fiers de vous offrir des offres sp\u00e9ciales pour vous faire vivre une exp\u00e9rience inoubliable.<\/p>\n<p>Restez \u00e0 l&#8217;aff\u00fbt, car nous publierons r\u00e9guli\u00e8rement de nouvelles offres de nos diff\u00e9rents partenaires. Que vous soyez int\u00e9ress\u00e9 par les sites arch\u00e9ologiques, les plages idylliques ou les aventures en plein air, nous avons tout ce qu&#8217;il vous faut pour rendre votre s\u00e9jour au Yucatan encore plus agr\u00e9able.<\/p>\n<p>Rejoignez notre communaut\u00e9 de voyageurs et d\u00e9couvrez les meilleurs bons plans pour votre prochaine escapade au Yucatan. R\u00e9servez d\u00e8s maintenant et pr\u00e9parez-vous \u00e0 profiter de tarifs sp\u00e9ciaux et de traitements exclusifs en tant que membre privil\u00e9gi\u00e9.[\/et_pb_text][\/et_pb_column][\/et_pb_row][\/et_pb_section][et_pb_section fb_built=&#8221;1&#8243; _builder_version=&#8221;4.20.4&#8243; _module_preset=&#8221;default&#8221; global_colors_info=&#8221;{}&#8221;][et_pb_row _builder_version=&#8221;4.21.0&#8243; _module_preset=&#8221;default&#8221;][et_pb_column _builder_version=&#8221;4.21.0&#8243; _module_preset=&#8221;default&#8221; type=&#8221;4_4&#8243;][et_pb_blog fullwidth=&#8221;off&#8221; include_categories=&#8221;27&#8243; show_author=&#8221;off&#8221; show_date=&#8221;off&#8221; show_categories=&#8221;off&#8221; module_class=&#8221;blzoom&#8221; _builder_version=&#8221;4.21.0&#8243; _module_preset=&#8221;default&#8221; header_font=&#8221;Noto Serif|700|||||||&#8221; header_text_align=&#8221;center&#8221; header_text_color=&#8221;#578279&#8243; hover_enabled=&#8221;0&#8243; border_radii=&#8221;on|3px|3px|3px|3px&#8221; border_width_all=&#8221;2px&#8221; box_shadow_style=&#8221;preset1&#8243; global_colors_info=&#8221;{}&#8221; sticky_enabled=&#8221;0&#8243; locked=&#8221;off&#8221;][\/et_pb_blog][\/et_pb_column][\/et_pb_row][\/et_pb_section]<\/p>\n","protected":false},"excerpt":{"rendered":"<p>Bon planEn tant que visiteur recommand\u00e9 par notre site, vous b\u00e9n\u00e9ficierez de r\u00e9ductions exclusives et d&#8217;un traitement privil\u00e9gi\u00e9 lors de votre s\u00e9jour. Nous avons \u00e9tabli des partenariats avec les meilleurs prestataires de la r\u00e9gion, et nous sommes fiers de vous offrir des offres sp\u00e9ciales pour vous faire vivre une exp\u00e9rience inoubliable. Restez \u00e0 l&#8217;aff\u00fbt, car [&hellip;]<\/p>\n","protected":false},"author":1,"featured_media":0,"parent":0,"menu_order":0,"comment_status":"closed","ping_status":"closed","template":"","meta":{"_et_pb_use_builder":"on","_et_pb_old_content":"","_et_gb_content_width":"","_joinchat":[],"footnotes":""},"class_list":["post-2652","page","type-page","status-publish","hentry"],"_links":{"self":[{"href":"https:\/\/vivaohlala.com\/en\/wp-json\/wp\/v2\/pages\/2652","targetHints":{"allow":["GET"]}}],"collection":[{"href":"https:\/\/vivaohlala.com\/en\/wp-json\/wp\/v2\/pages"}],"about":[{"href":"https:\/\/vivaohlala.com\/en\/wp-json\/wp\/v2\/types\/page"}],"author":[{"embeddable":true,"href":"https:\/\/vivaohlala.com\/en\/wp-json\/wp\/v2\/users\/1"}],"replies":[{"embeddable":true,"href":"https:\/\/vivaohlala.com\/en\/wp-json\/wp\/v2\/comments?post=2652"}],"version-history":[{"count":6,"href":"https:\/\/vivaohlala.com\/en\/wp-json\/wp\/v2\/pages\/2652\/revisions"}],"predecessor-version":[{"id":3311,"href":"https:\/\/vivaohlala.com\/en\/wp-json\/wp\/v2\/pages\/2652\/revisions\/3311"}],"wp:attachment":[{"href":"https:\/\/vivaohlala.com\/en\/wp-json\/wp\/v2\/media?parent=2652"}],"curies":[{"name":"wp","href":"https:\/\/api.w.org\/{rel}","templated":true}]}}