{"id":2656,"date":"2023-06-09T23:06:08","date_gmt":"2023-06-09T21:06:08","guid":{"rendered":"https:\/\/vivaohlala.com\/bon-plan\/"},"modified":"2023-07-19T19:50:05","modified_gmt":"2023-07-19T17:50:05","slug":"bon-plan","status":"publish","type":"page","link":"https:\/\/vivaohlala.com\/es\/bon-plan\/","title":{"rendered":"Bon plan"},"content":{"rendered":"<p>[et_pb_section fb_built=\u00bb1&#8243; _builder_version=\u00bb4.20.4&#8243; _module_preset=\u00bbdefault\u00bb background_image=\u00bbhttps:\/\/vivaohlala.com\/wp-content\/uploads\/2023\/04\/vivaohlala-excursion-mexique-yucatan-riviera-maya-photo-video-drone.jpg\u00bb global_colors_info=\u00bb{}\u00bb][et_pb_row _builder_version=\u00bb4.20.4&#8243; _module_preset=\u00bbdefault\u00bb global_colors_info=\u00bb{}\u00bb][et_pb_column type=\u00bb4_4&#8243; _builder_version=\u00bb4.20.4&#8243; _module_preset=\u00bbdefault\u00bb global_colors_info=\u00bb{}\u00bb][et_pb_text _builder_version=\u00bb4.21.0&#8243; _module_preset=\u00bbdefault\u00bb header_font=\u00bbNoto Serif|700|||||||\u00bb header_text_align=\u00bbcenter\u00bb header_text_color=\u00bb#FFFFFF\u00bb header_font_size=\u00bb50px\u00bb background_enable_image=\u00bboff\u00bb header_font_size_tablet=\u00bb40px\u00bb header_font_size_phone=\u00bb40px\u00bb header_font_size_last_edited=\u00bbon|desktop\u00bb global_colors_info=\u00bb{}\u00bb]<\/p>\n<h1>Bon plan<\/h1>\n<p>[\/et_pb_text][\/et_pb_column][\/et_pb_row][\/et_pb_section][et_pb_section fb_built=\u00bb1&#8243; module_class=\u00bbblzoom\u00bb _builder_version=\u00bb4.21.0&#8243; _module_preset=\u00bbdefault\u00bb border_radii=\u00bbon|3px|3px|3px|3px\u00bb global_colors_info=\u00bb{}\u00bb][et_pb_row _builder_version=\u00bb4.20.4&#8243; _module_preset=\u00bbdefault\u00bb locked=\u00bboff\u00bb global_colors_info=\u00bb{}\u00bb][et_pb_column type=\u00bb4_4&#8243; _builder_version=\u00bb4.20.4&#8243; _module_preset=\u00bbdefault\u00bb global_colors_info=\u00bb{}\u00bb][et_pb_text _builder_version=\u00bb4.21.0&#8243; _module_preset=\u00bbdefault\u00bb text_font=\u00bbNoto Serif|700|on||||||\u00bb text_font_size=\u00bb17px\u00bb text_line_height=\u00bb1.6em\u00bb text_orientation=\u00bbcenter\u00bb global_colors_info=\u00bb{}\u00bb]En tant que visiteur recommand\u00e9 par notre site, vous b\u00e9n\u00e9ficierez de r\u00e9ductions exclusives et d&#8217;un traitement privil\u00e9gi\u00e9 lors de votre s\u00e9jour. Nous avons \u00e9tabli des partenariats avec les meilleurs prestataires de la r\u00e9gion, et nous sommes fiers de vous offrir des offres sp\u00e9ciales pour vous faire vivre une exp\u00e9rience inoubliable.<\/p>\n<p>Restez \u00e0 l&#8217;aff\u00fbt, car nous publierons r\u00e9guli\u00e8rement de nouvelles offres de nos diff\u00e9rents partenaires. Que vous soyez int\u00e9ress\u00e9 par les sites arch\u00e9ologiques, les plages idylliques ou les aventures en plein air, nous avons tout ce qu&#8217;il vous faut pour rendre votre s\u00e9jour au Yucatan encore plus agr\u00e9able.<\/p>\n<p>Rejoignez notre communaut\u00e9 de voyageurs et d\u00e9couvrez les meilleurs bons plans pour votre prochaine escapade au Yucatan. R\u00e9servez d\u00e8s maintenant et pr\u00e9parez-vous \u00e0 profiter de tarifs sp\u00e9ciaux et de traitements exclusifs en tant que membre privil\u00e9gi\u00e9.[\/et_pb_text][\/et_pb_column][\/et_pb_row][\/et_pb_section][et_pb_section fb_built=\u00bb1&#8243; _builder_version=\u00bb4.20.4&#8243; _module_preset=\u00bbdefault\u00bb global_colors_info=\u00bb{}\u00bb][et_pb_row _builder_version=\u00bb4.21.0&#8243; _module_preset=\u00bbdefault\u00bb global_colors_info=\u00bb{}\u00bb][et_pb_column type=\u00bb4_4&#8243; _builder_version=\u00bb4.21.0&#8243; _module_preset=\u00bbdefault\u00bb global_colors_info=\u00bb{}\u00bb][et_pb_blog fullwidth=\u00bboff\u00bb include_categories=\u00bb28&#8243; show_author=\u00bboff\u00bb show_date=\u00bboff\u00bb show_categories=\u00bboff\u00bb module_class=\u00bbblzoom\u00bb _builder_version=\u00bb4.21.0&#8243; _module_preset=\u00bbdefault\u00bb header_font=\u00bbNoto Serif|700|||||||\u00bb header_text_align=\u00bbcenter\u00bb header_text_color=\u00bb#578279&#8243; hover_enabled=\u00bb0&#8243; border_radii=\u00bbon|3px|3px|3px|3px\u00bb border_width_all=\u00bb2px\u00bb box_shadow_style=\u00bbpreset1&#8243; locked=\u00bboff\u00bb global_colors_info=\u00bb{}\u00bb sticky_enabled=\u00bb0&#8243;][\/et_pb_blog][\/et_pb_column][\/et_pb_row][\/et_pb_section]<\/p>\n","protected":false},"excerpt":{"rendered":"<p>Bon planEn tant que visiteur recommand\u00e9 par notre site, vous b\u00e9n\u00e9ficierez de r\u00e9ductions exclusives et d&#8217;un traitement privil\u00e9gi\u00e9 lors de votre s\u00e9jour. Nous avons \u00e9tabli des partenariats avec les meilleurs prestataires de la r\u00e9gion, et nous sommes fiers de vous offrir des offres sp\u00e9ciales pour vous faire vivre une exp\u00e9rience inoubliable. Restez \u00e0 l&#8217;aff\u00fbt, car [&hellip;]<\/p>\n","protected":false},"author":1,"featured_media":0,"parent":0,"menu_order":0,"comment_status":"closed","ping_status":"closed","template":"","meta":{"_et_pb_use_builder":"on","_et_pb_old_content":"","_et_gb_content_width":"","_joinchat":[],"footnotes":""},"class_list":["post-2656","page","type-page","status-publish","hentry"],"_links":{"self":[{"href":"https:\/\/vivaohlala.com\/es\/wp-json\/wp\/v2\/pages\/2656","targetHints":{"allow":["GET"]}}],"collection":[{"href":"https:\/\/vivaohlala.com\/es\/wp-json\/wp\/v2\/pages"}],"about":[{"href":"https:\/\/vivaohlala.com\/es\/wp-json\/wp\/v2\/types\/page"}],"author":[{"embeddable":true,"href":"https:\/\/vivaohlala.com\/es\/wp-json\/wp\/v2\/users\/1"}],"replies":[{"embeddable":true,"href":"https:\/\/vivaohlala.com\/es\/wp-json\/wp\/v2\/comments?post=2656"}],"version-history":[{"count":3,"href":"https:\/\/vivaohlala.com\/es\/wp-json\/wp\/v2\/pages\/2656\/revisions"}],"predecessor-version":[{"id":2676,"href":"https:\/\/vivaohlala.com\/es\/wp-json\/wp\/v2\/pages\/2656\/revisions\/2676"}],"wp:attachment":[{"href":"https:\/\/vivaohlala.com\/es\/wp-json\/wp\/v2\/media?parent=2656"}],"curies":[{"name":"wp","href":"https:\/\/api.w.org\/{rel}","templated":true}]}}