{"id":722,"date":"2023-04-10T17:38:36","date_gmt":"2023-04-10T15:38:36","guid":{"rendered":"https:\/\/vivaohlala.com\/nuestras-excursiones-clasicas\/"},"modified":"2024-11-10T23:51:15","modified_gmt":"2024-11-10T22:51:15","slug":"nuestras-excursiones-clasicas","status":"publish","type":"page","link":"https:\/\/vivaohlala.com\/es\/nuestras-excursiones-clasicas\/","title":{"rendered":"Nuestras excursiones cl\u00e1sicas"},"content":{"rendered":"<p>[et_pb_section fb_built=\u00bb1&#8243; _builder_version=\u00bb4.20.4&#8243; _module_preset=\u00bbdefault\u00bb background_image=\u00bbhttps:\/\/vivaohlala.com\/wp-content\/uploads\/2023\/04\/nos-excursions-classiques-mexique-riviera-maya-cancun.jpg\u00bb global_colors_info=\u00bb{}\u00bb][et_pb_row _builder_version=\u00bb4.20.4&#8243; _module_preset=\u00bbdefault\u00bb global_colors_info=\u00bb{}\u00bb][et_pb_column type=\u00bb4_4&#8243; _builder_version=\u00bb4.20.4&#8243; _module_preset=\u00bbdefault\u00bb global_colors_info=\u00bb{}\u00bb][et_pb_text _builder_version=\u00bb4.20.4&#8243; _module_preset=\u00bbdefault\u00bb header_font=\u00bbNoto Serif|700|||||||\u00bb header_text_color=\u00bb#FFFFFF\u00bb header_font_size=\u00bb50px\u00bb global_colors_info=\u00bb{}\u00bb]<\/p>\n<h1>Nuestras excursiones cl\u00e1sicas<\/h1>\n<p>[\/et_pb_text][\/et_pb_column][\/et_pb_row][\/et_pb_section][et_pb_section fb_built=\u00bb1&#8243; _builder_version=\u00bb4.20.4&#8243; _module_preset=\u00bbdefault\u00bb custom_padding=\u00bb0px||7px|||\u00bb global_colors_info=\u00bb{}\u00bb][et_pb_row _builder_version=\u00bb4.20.4&#8243; _module_preset=\u00bbdefault\u00bb global_colors_info=\u00bb{}\u00bb][et_pb_column type=\u00bb4_4&#8243; _builder_version=\u00bb4.20.4&#8243; _module_preset=\u00bbdefault\u00bb global_colors_info=\u00bb{}\u00bb][et_pb_text _builder_version=\u00bb4.20.4&#8243; _module_preset=\u00bbdefault\u00bb text_font=\u00bbNoto Serif|700|on||||||\u00bb text_font_size=\u00bb17px\u00bb text_line_height=\u00bb1.6em\u00bb text_orientation=\u00bbcenter\u00bb global_colors_info=\u00bb{}\u00bb]<\/p>\n<p>Si eliges uno de nuestros recorridos cl\u00e1sicos, estar\u00e1s en un grupo reducido de un m\u00e1ximo de 12 personas.<br \/><span>Ofrecemos experiencias \u00fanicas y m\u00e1gicas en los lugares tur\u00edsticos m\u00e1s bellos de M\u00e9xico, mucho m\u00e1s all\u00e1 de los sitios cl\u00e1sicos como Tulum, Canc\u00fan o Playa del Carmen. Gracias a nuestros v\u00ednculos privilegiados con la poblaci\u00f3n local, reservamos lugares secretos en exclusiva para nuestros clientes para que tu estancia sea a\u00fan m\u00e1s incre\u00edble.<\/span><\/p>\n<p>[\/et_pb_text][\/et_pb_column][\/et_pb_row][\/et_pb_section][et_pb_section fb_built=\u00bb1&#8243; _builder_version=\u00bb4.20.4&#8243; _module_preset=\u00bbdefault\u00bb custom_padding=\u00bb2px||9px|||\u00bb global_colors_info=\u00bb{}\u00bb][et_pb_row column_structure=\u00bb1_3,1_3,1_3&#8243; make_equal=\u00bbon\u00bb _builder_version=\u00bb4.20.4&#8243; _module_preset=\u00bbdefault\u00bb global_colors_info=\u00bb{}\u00bb][et_pb_column type=\u00bb1_3&#8243; _builder_version=\u00bb4.21.0&#8243; _module_preset=\u00bbdefault\u00bb global_colors_info=\u00bb{}\u00bb][et_pb_blurb title=\u00bbTour cl\u00e1sico HOLBOX\u00bb url=\u00bbhttps:\/\/vivaohlala.com\/es\/holbox-clasico\/\u00bb image=\u00bbhttps:\/\/vivaohlala.com\/wp-content\/uploads\/2023\/07\/visite-holbox-tour-operateur-francophone-ConvertImage.jpg\u00bb alt=\u00bbVisite d&#8217;Holbox avec le Tour Op\u00e9rateur VivaOhlala sp\u00e9cialis\u00e9 dans les excursions francophones\u00bb module_class=\u00bbblzoom\u00bb _builder_version=\u00bb4.21.0&#8243; _module_preset=\u00bbdefault\u00bb header_font=\u00bbNoto Serif|700|||||||\u00bb header_text_align=\u00bbcenter\u00bb header_text_color=\u00bb#578279&#8243; header_font_size=\u00bb18px\u00bb transform_translate_linked__hover=\u00bboff\u00bb min_height=\u00bb100%\u00bb custom_padding=\u00bb||||false|false\u00bb link_option_url=\u00bbhttps:\/\/vivaohlala.com\/es\/holbox-clasico\/\u00bb custom_css_blurb_image=\u00bb||\u00bb border_radii=\u00bbon|3px|3px|3px|3px\u00bb border_width_all=\u00bb1px\u00bb box_shadow_style=\u00bbpreset1&#8243; global_colors_info=\u00bb{}\u00bb transform_styles__hover_enabled=\u00bbon|desktop\u00bb transform_scale__hover_enabled=\u00bbon|hover\u00bb transform_translate__hover_enabled=\u00bbon|desktop\u00bb transform_rotate__hover_enabled=\u00bbon|desktop\u00bb transform_skew__hover_enabled=\u00bbon|desktop\u00bb transform_origin__hover_enabled=\u00bbon|desktop\u00bb transform_translate__hover=\u00bb0px|-5px\u00bb image_icon_background_color__hover_enabled=\u00bboff|hover\u00bb background__hover_enabled=\u00bbon|hover\u00bb background_color__hover=\u00bbrgba(0,0,0,0.04)\u00bb background_enable_color__hover=\u00bbon\u00bb]<\/p>\n<p><span><\/span><\/p>\n<p><span>Paisaje de postal: arena blanca y agua turquesa.<\/span><\/p>\n<p><span>_________________________<\/span><\/p>\n<p><span><\/span><\/p>\n<p><strong>Precio: 2,250 pesos<\/strong><\/p>\n<p><span class=\"boutonTour\">M\u00e1s informaci\u00f3n<\/span><\/p>\n<p><span><\/span><\/p>\n<p>[\/et_pb_blurb][\/et_pb_column][et_pb_column type=\u00bb1_3&#8243; _builder_version=\u00bb4.21.0&#8243; _module_preset=\u00bbdefault\u00bb global_colors_info=\u00bb{}\u00bb][et_pb_blurb title=\u00bbTour cl\u00e1sico CHICHEN ITZA\u00bb url=\u00bbhttps:\/\/vivaohlala.com\/es\/chichen-itza-clasico\/\u00bb image=\u00bbhttps:\/\/vivaohlala.com\/wp-content\/uploads\/2023\/07\/agence-dexcursion-francophone-chichen-itza.jpg\u00bb module_class=\u00bbblzoom\u00bb _builder_version=\u00bb4.21.0&#8243; _module_preset=\u00bbdefault\u00bb header_font=\u00bbNoto Serif|700|||||||\u00bb header_text_align=\u00bbcenter\u00bb header_text_color=\u00bb#578279&#8243; header_font_size=\u00bb18px\u00bb min_height=\u00bb100%\u00bb custom_padding=\u00bb||||false|false\u00bb link_option_url=\u00bbhttps:\/\/vivaohlala.com\/es\/chichen-itza-clasico\/\u00bb custom_css_blurb_image=\u00bb||\u00bb border_radii=\u00bbon|3px|3px|3px|3px\u00bb border_width_all=\u00bb1px\u00bb box_shadow_style=\u00bbpreset1&#8243; global_colors_info=\u00bb{}\u00bb background_color__hover=\u00bbrgba(0,0,0,0.04)\u00bb background_enable_color__hover=\u00bbon\u00bb image_icon_background_color__hover_enabled=\u00bboff|hover\u00bb transform_styles__hover_enabled=\u00bbon|desktop\u00bb transform_scale__hover_enabled=\u00bbon|hover\u00bb transform_translate__hover=\u00bb0px|-5px\u00bb transform_translate__hover_enabled=\u00bbon|desktop\u00bb transform_rotate__hover_enabled=\u00bbon|desktop\u00bb transform_skew__hover_enabled=\u00bbon|desktop\u00bb transform_origin__hover_enabled=\u00bbon|desktop\u00bb background__hover_enabled=\u00bbon|hover\u00bb]<\/p>\n<p><span><\/span><\/p>\n<p><span>\u00a1Chichen Itz\u00e1 est\u00e1 entre las 7 maravillas del mundo!<\/span><\/p>\n<p><span>_________________________<\/span><\/p>\n<p><span><\/span><\/p>\n<p><strong>Precio: 2,250 pesos<\/strong><\/p>\n<p><span class=\"boutonTour\">M\u00e1s informaci\u00f3n<\/span><\/p>\n<p><span><\/span><\/p>\n<p>[\/et_pb_blurb][\/et_pb_column][et_pb_column type=\u00bb1_3&#8243; _builder_version=\u00bb4.20.4&#8243; _module_preset=\u00bbdefault\u00bb global_colors_info=\u00bb{}\u00bb][et_pb_blurb title=\u00bbTour cl\u00e1sico SIAN KA&#8217;AN\u00bb url=\u00bb@ET-DC@eyJkeW5hbWljIjp0cnVlLCJjb250ZW50IjoicG9zdF9saW5rX3VybF9wYWdlIiwic2V0dGluZ3MiOnsicG9zdF9pZCI6IjE4NTUifX0=@\u00bb image=\u00bbhttps:\/\/vivaohlala.com\/wp-content\/uploads\/2023\/07\/excursion-sian-kaan-francophone.jpg\u00bb module_class=\u00bbblzoom\u00bb _builder_version=\u00bb4.21.0&#8243; _dynamic_attributes=\u00bblink_option_url,url\u00bb _module_preset=\u00bbdefault\u00bb header_font=\u00bbNoto Serif|700|||||||\u00bb header_text_align=\u00bbcenter\u00bb header_text_color=\u00bb#578279&#8243; header_font_size=\u00bb18px\u00bb min_height=\u00bb100%\u00bb custom_padding=\u00bb||||false|false\u00bb link_option_url=\u00bb@ET-DC@eyJkeW5hbWljIjp0cnVlLCJjb250ZW50IjoicG9zdF9saW5rX3VybF9wYWdlIiwic2V0dGluZ3MiOnsicG9zdF9pZCI6IjE4NTUifX0=@\u00bb custom_css_blurb_image=\u00bb||\u00bb border_radii=\u00bbon|3px|3px|3px|3px\u00bb border_width_all=\u00bb1px\u00bb box_shadow_style=\u00bbpreset1&#8243; global_colors_info=\u00bb{}\u00bb background_color__hover=\u00bbrgba(0,0,0,0.04)\u00bb background_enable_color__hover=\u00bbon\u00bb image_icon_background_color__hover_enabled=\u00bboff|hover\u00bb transform_styles__hover_enabled=\u00bbon|desktop\u00bb transform_scale__hover_enabled=\u00bbon|hover\u00bb transform_translate__hover=\u00bb0px|-5px\u00bb transform_translate__hover_enabled=\u00bbon|desktop\u00bb transform_rotate__hover_enabled=\u00bbon|desktop\u00bb transform_skew__hover_enabled=\u00bbon|desktop\u00bb transform_origin__hover_enabled=\u00bbon|desktop\u00bb background__hover_enabled=\u00bbon|hover\u00bb]<\/p>\n<p><span><\/span><\/p>\n<p><span>Explora un momento asombroso junto a la magnificencia de la naturaleza en M\u00e9xico.<\/span><\/p>\n<p><span>_________________________<\/span><\/p>\n<p><span><\/span><\/p>\n<p><strong>Precio: 3,000 pesos<\/strong><\/p>\n<p><span class=\"boutonTour\">M\u00e1s informaci\u00f3n<\/span><\/p>\n<p><span><\/span><\/p>\n<p>[\/et_pb_blurb][\/et_pb_column][\/et_pb_row][et_pb_row column_structure=\u00bb1_3,1_3,1_3&#8243; make_equal=\u00bbon\u00bb _builder_version=\u00bb4.20.4&#8243; _module_preset=\u00bbdefault\u00bb global_colors_info=\u00bb{}\u00bb][et_pb_column type=\u00bb1_3&#8243; _builder_version=\u00bb4.21.0&#8243; _module_preset=\u00bbdefault\u00bb global_colors_info=\u00bb{}\u00bb][et_pb_blurb title=\u00bbTour cl\u00e1sico COBA \/ PUNTA LAGUNA\u00bb url=\u00bbhttps:\/\/vivaohlala.com\/es\/coba-punta-laguna-clasico\/\u00bb image=\u00bbhttps:\/\/vivaohlala.com\/wp-content\/uploads\/2023\/04\/agence-de-voyage-francaise-coba-punta-laguna-mexique.jpg\u00bb module_class=\u00bbblzoom\u00bb _builder_version=\u00bb4.20.4&#8243; _module_preset=\u00bbdefault\u00bb header_font=\u00bbNoto Serif|700|||||||\u00bb header_text_align=\u00bbcenter\u00bb header_text_color=\u00bb#578279&#8243; header_font_size=\u00bb18px\u00bb min_height=\u00bb100%\u00bb custom_padding=\u00bb||||false|false\u00bb link_option_url=\u00bbhttps:\/\/vivaohlala.com\/es\/coba-punta-laguna-clasico\/\u00bb custom_css_blurb_image=\u00bb||\u00bb border_radii=\u00bbon|3px|3px|3px|3px\u00bb border_width_all=\u00bb1px\u00bb box_shadow_style=\u00bbpreset1&#8243; global_colors_info=\u00bb{}\u00bb background_color__hover=\u00bbrgba(0,0,0,0.04)\u00bb background_enable_color__hover=\u00bbon\u00bb image_icon_background_color__hover_enabled=\u00bboff|hover\u00bb transform_styles__hover_enabled=\u00bbon|desktop\u00bb transform_scale__hover_enabled=\u00bbon|hover\u00bb transform_translate__hover=\u00bb0px|-5px\u00bb transform_translate__hover_enabled=\u00bbon|desktop\u00bb transform_rotate__hover_enabled=\u00bbon|desktop\u00bb transform_skew__hover_enabled=\u00bbon|desktop\u00bb transform_origin__hover_enabled=\u00bbon|desktop\u00bb background__hover_enabled=\u00bbon|hover\u00bb]<\/p>\n<p><span><\/span><\/p>\n<p><span><span style=\"vertical-align: inherit;\"><span style=\"vertical-align: inherit;\">Visitez Coba en passant par la magnifique r\u00e9serve de Punta Laguna.<\/span><\/span><\/span><\/p>\n<p><span><span style=\"vertical-align: inherit;\"><span style=\"vertical-align: inherit;\">_________________________<\/span><\/span><\/span><\/p>\n<p><span><\/span><\/p>\n<p><strong><span style=\"vertical-align: inherit;\"><span style=\"vertical-align: inherit;\">Prix \u200b\u200b: 2 100 pesos<\/span><\/span><\/strong><\/p>\n<p><span class=\"boutonTour\"><span style=\"vertical-align: inherit;\"><span style=\"vertical-align: inherit;\">Plus d&#8217;informations<\/span><\/span><\/span><\/p>\n<p><span><\/span><\/p>\n<p>[\/et_pb_blurb][\/et_pb_column][et_pb_column type=\u00bb1_3&#8243; _builder_version=\u00bb4.21.0&#8243; _module_preset=\u00bbdefault\u00bb global_colors_info=\u00bb{}\u00bb][et_pb_blurb title=\u00bbTour cl\u00e1sico BACALAR\u00bb url=\u00bbhttps:\/\/vivaohlala.com\/es\/bacalar-clasico\/\u00bb image=\u00bbhttps:\/\/vivaohlala.com\/wp-content\/uploads\/2023\/04\/agence-de-voyage-francaise-bacalar-mexique.jpg\u00bb module_class=\u00bbblzoom\u00bb _builder_version=\u00bb4.20.4&#8243; _module_preset=\u00bbdefault\u00bb header_font=\u00bbNoto Serif|700|||||||\u00bb header_text_align=\u00bbcenter\u00bb header_text_color=\u00bb#578279&#8243; header_font_size=\u00bb18px\u00bb min_height=\u00bb100%\u00bb custom_padding=\u00bb||||false|false\u00bb link_option_url=\u00bbhttps:\/\/vivaohlala.com\/es\/bacalar-clasico\/\u00bb custom_css_blurb_image=\u00bb||\u00bb border_radii=\u00bbon|3px|3px|3px|3px\u00bb border_width_all=\u00bb1px\u00bb box_shadow_style=\u00bbpreset1&#8243; global_colors_info=\u00bb{}\u00bb background_color__hover=\u00bbrgba(0,0,0,0.04)\u00bb background_enable_color__hover=\u00bbon\u00bb image_icon_background_color__hover_enabled=\u00bboff|hover\u00bb transform_styles__hover_enabled=\u00bbon|desktop\u00bb transform_scale__hover_enabled=\u00bbon|hover\u00bb transform_translate__hover=\u00bb0px|-5px\u00bb transform_translate__hover_enabled=\u00bbon|desktop\u00bb transform_rotate__hover_enabled=\u00bbon|desktop\u00bb transform_skew__hover_enabled=\u00bbon|desktop\u00bb transform_origin__hover_enabled=\u00bbon|desktop\u00bb background__hover_enabled=\u00bbon|hover\u00bb]<\/p>\n<p><span><\/span><\/p>\n<p><span><span style=\"vertical-align: inherit;\"><span style=\"vertical-align: inherit;\">D\u00e9couvrez le spectaculaire lagon aux sept nuances de bleu de la Riviera Maya !<\/span><\/span><\/span><\/p>\n<p><span><span style=\"vertical-align: inherit;\"><span style=\"vertical-align: inherit;\">_________________________<\/span><\/span><\/span><\/p>\n<p><span><\/span><\/p>\n<p><strong><span style=\"vertical-align: inherit;\"><span style=\"vertical-align: inherit;\">Prix \u200b\u200b: 2 350 pesos<\/span><\/span><\/strong><\/p>\n<p><span class=\"boutonTour\"><span style=\"vertical-align: inherit;\"><span style=\"vertical-align: inherit;\">Plus d&#8217;informations<\/span><\/span><\/span><\/p>\n<p><span><\/span><\/p>\n<p>[\/et_pb_blurb][\/et_pb_column][et_pb_column type=\u00bb1_3&#8243; _builder_version=\u00bb4.21.0&#8243; _module_preset=\u00bbdefault\u00bb global_colors_info=\u00bb{}\u00bb][et_pb_blurb title=\u00bbTour cl\u00e1sico TULUM \/ AKUMAL\u00bb url=\u00bbhttps:\/\/vivaohlala.com\/excursion-tulum-akumal-tour-classique\/\u00bb image=\u00bbhttps:\/\/vivaohlala.com\/wp-content\/uploads\/2023\/04\/agence-de-voyage-francaise-tulum-akumal-mexique.jpg\u00bb module_class=\u00bbblzoom\u00bb _builder_version=\u00bb4.20.4&#8243; _module_preset=\u00bbdefault\u00bb header_font=\u00bbNoto Serif|700|||||||\u00bb header_text_align=\u00bbcenter\u00bb header_text_color=\u00bb#578279&#8243; header_font_size=\u00bb18px\u00bb min_height=\u00bb100%\u00bb custom_padding=\u00bb||||false|false\u00bb link_option_url=\u00bbhttps:\/\/vivaohlala.com\/excursion-tulum-akumal-tour-classique\/\u00bb custom_css_blurb_image=\u00bb||\u00bb border_radii=\u00bbon|3px|3px|3px|3px\u00bb border_width_all=\u00bb1px\u00bb box_shadow_style=\u00bbpreset1&#8243; global_colors_info=\u00bb{}\u00bb background_color__hover=\u00bbrgba(0,0,0,0.04)\u00bb background_enable_color__hover=\u00bbon\u00bb image_icon_background_color__hover_enabled=\u00bboff|hover\u00bb transform_styles__hover_enabled=\u00bbon|desktop\u00bb transform_scale__hover_enabled=\u00bbon|hover\u00bb transform_translate__hover=\u00bb0px|-5px\u00bb transform_translate__hover_enabled=\u00bbon|desktop\u00bb transform_rotate__hover_enabled=\u00bbon|desktop\u00bb transform_skew__hover_enabled=\u00bbon|desktop\u00bb transform_origin__hover_enabled=\u00bbon|desktop\u00bb background__hover_enabled=\u00bbon|hover\u00bb]<\/p>\n<p><span><\/span><\/p>\n<p><span><span style=\"vertical-align: inherit;\"><span style=\"vertical-align: inherit;\">R\u00e9alisez votre r\u00eave : nagez dans des eaux cristallines avec les tortues !<\/span><\/span><\/span><\/p>\n<p><span><span style=\"vertical-align: inherit;\"><span style=\"vertical-align: inherit;\">_________________________<\/span><\/span><\/span><\/p>\n<p><span><\/span><\/p>\n<p><strong><span style=\"vertical-align: inherit;\"><span style=\"vertical-align: inherit;\">Prix \u200b\u200b: 2 050 pesos<\/span><\/span><\/strong><\/p>\n<p><span class=\"boutonTour\"><span style=\"vertical-align: inherit;\"><span style=\"vertical-align: inherit;\">Plus d&#8217;informations<\/span><\/span><\/span><\/p>\n<p><span><\/span><\/p>\n<p>[\/et_pb_blurb][\/et_pb_column][\/et_pb_row][et_pb_row column_structure=\u00bb1_3,1_3,1_3&#8243; make_equal=\u00bbon\u00bb _builder_version=\u00bb4.20.4&#8243; _module_preset=\u00bbdefault\u00bb global_colors_info=\u00bb{}\u00bb][et_pb_column type=\u00bb1_3&#8243; _builder_version=\u00bb4.20.4&#8243; _module_preset=\u00bbdefault\u00bb global_colors_info=\u00bb{}\u00bb][et_pb_blurb title=\u00bbTour cl\u00e1sico RIO LAGARTOS\u00bb url=\u00bbhttps:\/\/vivaohlala.com\/excursion-rio-lagartos-tour-classique\/\u00bb image=\u00bbhttps:\/\/vivaohlala.com\/wp-content\/uploads\/2023\/04\/agence-de-voyage-francaise-rio-lagartos-mexique.jpg\u00bb module_class=\u00bbblzoom\u00bb _builder_version=\u00bb4.20.4&#8243; _module_preset=\u00bbdefault\u00bb header_font=\u00bbNoto Serif|700|||||||\u00bb header_text_align=\u00bbcenter\u00bb header_text_color=\u00bb#578279&#8243; header_font_size=\u00bb18px\u00bb min_height=\u00bb100%\u00bb custom_padding=\u00bb||||false|false\u00bb link_option_url=\u00bbhttps:\/\/vivaohlala.com\/excursion-rio-lagartos-tour-classique\/\u00bb custom_css_blurb_image=\u00bb||\u00bb border_radii=\u00bbon|3px|3px|3px|3px\u00bb border_width_all=\u00bb1px\u00bb box_shadow_style=\u00bbpreset1&#8243; global_colors_info=\u00bb{}\u00bb background_color__hover=\u00bbrgba(0,0,0,0.04)\u00bb background_enable_color__hover=\u00bbon\u00bb image_icon_background_color__hover_enabled=\u00bboff|hover\u00bb transform_styles__hover_enabled=\u00bbon|desktop\u00bb transform_scale__hover_enabled=\u00bbon|hover\u00bb transform_translate__hover=\u00bb0px|-5px\u00bb transform_translate__hover_enabled=\u00bbon|desktop\u00bb transform_rotate__hover_enabled=\u00bbon|desktop\u00bb transform_skew__hover_enabled=\u00bbon|desktop\u00bb transform_origin__hover_enabled=\u00bbon|desktop\u00bb background__hover_enabled=\u00bbon|hover\u00bb]<\/p>\n<p><span><\/span><\/p>\n<p><span><span style=\"vertical-align: inherit;\"><span style=\"vertical-align: inherit;\">Allez \u00e0 R\u00edo Lagartos et Las Coloradas et profitez de la vie en rose !<\/span><\/span><\/span><\/p>\n<p><span><span style=\"vertical-align: inherit;\"><span style=\"vertical-align: inherit;\">_________________________<\/span><\/span><\/span><\/p>\n<p><span><\/span><\/p>\n<p><strong><span style=\"vertical-align: inherit;\"><span style=\"vertical-align: inherit;\">Prix \u200b\u200b: 2 410 pesos<\/span><\/span><\/strong><\/p>\n<p><span class=\"boutonTour\"><span style=\"vertical-align: inherit;\"><span style=\"vertical-align: inherit;\">Plus d&#8217;informations<\/span><\/span><\/span><\/p>\n<p><span><\/span><\/p>\n<p>[\/et_pb_blurb][\/et_pb_column][et_pb_column type=\u00bb1_3&#8243; _builder_version=\u00bb4.20.4&#8243; _module_preset=\u00bbdefault\u00bb global_colors_info=\u00bb{}\u00bb][et_pb_blurb title=\u00bbTour cl\u00e1sico ISLA MUJERES\u00bb url=\u00bbhttps:\/\/vivaohlala.com\/es\/isla-mujeres-clasico\/\u00bb image=\u00bbhttps:\/\/vivaohlala.com\/wp-content\/uploads\/2023\/04\/agence-de-voyage-francaise-isla-mujeres-mexique.jpg\u00bb module_class=\u00bbblzoom\u00bb _builder_version=\u00bb4.20.4&#8243; _module_preset=\u00bbdefault\u00bb header_font=\u00bbNoto Serif|700|||||||\u00bb header_text_align=\u00bbcenter\u00bb header_text_color=\u00bb#578279&#8243; header_font_size=\u00bb18px\u00bb min_height=\u00bb100%\u00bb custom_padding=\u00bb||||false|false\u00bb link_option_url=\u00bbhttps:\/\/vivaohlala.com\/es\/isla-mujeres-clasico\/\u00bb custom_css_blurb_image=\u00bb||\u00bb border_radii=\u00bbon|3px|3px|3px|3px\u00bb border_width_all=\u00bb1px\u00bb box_shadow_style=\u00bbpreset1&#8243; global_colors_info=\u00bb{}\u00bb background_color__hover=\u00bbrgba(0,0,0,0.04)\u00bb background_enable_color__hover=\u00bbon\u00bb image_icon_background_color__hover_enabled=\u00bboff|hover\u00bb transform_styles__hover_enabled=\u00bbon|desktop\u00bb transform_scale__hover_enabled=\u00bbon|hover\u00bb transform_translate__hover=\u00bb0px|-5px\u00bb transform_translate__hover_enabled=\u00bbon|desktop\u00bb transform_rotate__hover_enabled=\u00bbon|desktop\u00bb transform_skew__hover_enabled=\u00bbon|desktop\u00bb transform_origin__hover_enabled=\u00bbon|desktop\u00bb background__hover_enabled=\u00bbon|hover\u00bb]<\/p>\n<p><span><\/span><\/p>\n<div data-hook=\"tag-line-root\" class=\"soIXAHR\" tabindex=\"-1\">\n<p class=\"s_RN42i oz0738P---typography-11-runningText oz0738P---priority-7-primary sYCZueN\" aria-hidden=\"false\" data-hook=\"tag-line-text\"><span style=\"vertical-align: inherit;\"><span style=\"vertical-align: inherit;\">La journ\u00e9e id\u00e9ale pour observer les fonds marins du Mexique.<\/span><\/span><\/p>\n<\/div>\n<p><span><span style=\"vertical-align: inherit;\"><span style=\"vertical-align: inherit;\">_________________________<\/span><\/span><\/span><\/p>\n<p><span><\/span><\/p>\n<p><strong><span style=\"vertical-align: inherit;\"><span style=\"vertical-align: inherit;\">Prix \u200b\u200b: 2 310 pesos<\/span><\/span><\/strong><\/p>\n<p><span class=\"boutonTour\"><span style=\"vertical-align: inherit;\"><span style=\"vertical-align: inherit;\">Plus d&#8217;informations<\/span><\/span><\/span><\/p>\n<p><span><\/span><\/p>\n<p>[\/et_pb_blurb][\/et_pb_column][et_pb_column type=\u00bb1_3&#8243; _builder_version=\u00bb4.20.4&#8243; _module_preset=\u00bbdefault\u00bb global_colors_info=\u00bb{}\u00bb][et_pb_blurb title=\u00bbTour cl\u00e1sico TULUM \/ AKUMAL\u00bb url=\u00bb@ET-DC@eyJkeW5hbWljIjp0cnVlLCJjb250ZW50IjoicG9zdF9saW5rX3VybF9wYWdlIiwic2V0dGluZ3MiOnsicG9zdF9pZCI6IjIwMTAifX0=@\u00bb image=\u00bbhttps:\/\/vivaohlala.com\/wp-content\/uploads\/2023\/07\/requin-baleine-mexique.jpg\u00bb module_class=\u00bbblzoom\u00bb _builder_version=\u00bb4.21.0&#8243; _dynamic_attributes=\u00bburl,link_option_url\u00bb _module_preset=\u00bbdefault\u00bb header_font=\u00bbNoto Serif|700|||||||\u00bb header_text_align=\u00bbcenter\u00bb header_text_color=\u00bb#578279&#8243; header_font_size=\u00bb18px\u00bb min_height=\u00bb100%\u00bb custom_padding=\u00bb||||false|false\u00bb link_option_url=\u00bb@ET-DC@eyJkeW5hbWljIjp0cnVlLCJjb250ZW50IjoicG9zdF9saW5rX3VybF9wYWdlIiwic2V0dGluZ3MiOnsicG9zdF9pZCI6IjIwMTAifX0=@\u00bb custom_css_blurb_image=\u00bb||\u00bb border_radii=\u00bbon|3px|3px|3px|3px\u00bb border_width_all=\u00bb1px\u00bb box_shadow_style=\u00bbpreset1&#8243; global_colors_info=\u00bb{}\u00bb background_color__hover=\u00bbrgba(0,0,0,0.04)\u00bb background_enable_color__hover=\u00bbon\u00bb image_icon_background_color__hover_enabled=\u00bboff|hover\u00bb transform_styles__hover_enabled=\u00bbon|desktop\u00bb transform_scale__hover_enabled=\u00bbon|hover\u00bb transform_translate__hover=\u00bb0px|-5px\u00bb transform_translate__hover_enabled=\u00bbon|desktop\u00bb transform_rotate__hover_enabled=\u00bbon|desktop\u00bb transform_skew__hover_enabled=\u00bbon|desktop\u00bb transform_origin__hover_enabled=\u00bbon|desktop\u00bb background__hover_enabled=\u00bbon|hover\u00bb]<\/p>\n<p><span><\/span><span style=\"vertical-align: inherit;\"><span style=\"vertical-align: inherit;\">Merveilles sous-marines : Nagez avec les requins baleines et les raies manta du Mexique !<\/span><\/span><\/p>\n<h2 class=\"et_pb_module_header et-fb-editable-element et-fb-editable-element__editing\" data-shortcode-id=\"1.0.0.0-1690251419736\" data-quickaccess-id=\"header\" contenteditable=\"true\"><\/h2>\n<p><span><span style=\"vertical-align: inherit;\"><span style=\"vertical-align: inherit;\">_________________________<\/span><\/span><\/span><\/p>\n<p><span><\/span><\/p>\n<p><strong><span style=\"vertical-align: inherit;\"><span style=\"vertical-align: inherit;\">Prix \u200b\u200b: 3 500 pesos<\/span><\/span><\/strong><\/p>\n<p><span class=\"boutonTour\"><span style=\"vertical-align: inherit;\"><span style=\"vertical-align: inherit;\">Plus d&#8217;informations<\/span><\/span><\/span><\/p>\n<p><span><\/span><\/p>\n<p>[\/et_pb_blurb][\/et_pb_column][\/et_pb_row][\/et_pb_section]<\/p>\n","protected":false},"excerpt":{"rendered":"<p>Nuestras excursiones cl\u00e1sicasSi eliges uno de nuestros recorridos cl\u00e1sicos, estar\u00e1s en un grupo reducido de un m\u00e1ximo de 12 personas.Ofrecemos experiencias \u00fanicas y m\u00e1gicas en los lugares tur\u00edsticos m\u00e1s bellos de M\u00e9xico, mucho m\u00e1s all\u00e1 de los sitios cl\u00e1sicos como Tulum, Canc\u00fan o Playa del Carmen. Gracias a nuestros v\u00ednculos privilegiados con la poblaci\u00f3n local, [&hellip;]<\/p>\n","protected":false},"author":1,"featured_media":0,"parent":0,"menu_order":0,"comment_status":"closed","ping_status":"closed","template":"","meta":{"_et_pb_use_builder":"on","_et_pb_old_content":"","_et_gb_content_width":"","_joinchat":[],"footnotes":""},"class_list":["post-722","page","type-page","status-publish","hentry"],"_links":{"self":[{"href":"https:\/\/vivaohlala.com\/es\/wp-json\/wp\/v2\/pages\/722","targetHints":{"allow":["GET"]}}],"collection":[{"href":"https:\/\/vivaohlala.com\/es\/wp-json\/wp\/v2\/pages"}],"about":[{"href":"https:\/\/vivaohlala.com\/es\/wp-json\/wp\/v2\/types\/page"}],"author":[{"embeddable":true,"href":"https:\/\/vivaohlala.com\/es\/wp-json\/wp\/v2\/users\/1"}],"replies":[{"embeddable":true,"href":"https:\/\/vivaohlala.com\/es\/wp-json\/wp\/v2\/comments?post=722"}],"version-history":[{"count":11,"href":"https:\/\/vivaohlala.com\/es\/wp-json\/wp\/v2\/pages\/722\/revisions"}],"predecessor-version":[{"id":71477,"href":"https:\/\/vivaohlala.com\/es\/wp-json\/wp\/v2\/pages\/722\/revisions\/71477"}],"wp:attachment":[{"href":"https:\/\/vivaohlala.com\/es\/wp-json\/wp\/v2\/media?parent=722"}],"curies":[{"name":"wp","href":"https:\/\/api.w.org\/{rel}","templated":true}]}}