{"id":725,"date":"2023-04-10T17:44:37","date_gmt":"2023-04-10T15:44:37","guid":{"rendered":"https:\/\/vivaohlala.com\/nuestras-excursiones-privadas\/"},"modified":"2023-07-25T04:06:47","modified_gmt":"2023-07-25T02:06:47","slug":"nuestras-excursiones-privadas","status":"publish","type":"page","link":"https:\/\/vivaohlala.com\/es\/nuestras-excursiones-privadas\/","title":{"rendered":"Nuestras excursiones privadas"},"content":{"rendered":"<p>[et_pb_section fb_built=\u00bb1&#8243; _builder_version=\u00bb4.20.4&#8243; _module_preset=\u00bbdefault\u00bb background_image=\u00bbhttps:\/\/vivaohlala.com\/wp-content\/uploads\/2023\/04\/nos-excursions-classiques-mexique-riviera-maya-cancun.jpg\u00bb global_colors_info=\u00bb{}\u00bb][et_pb_row _builder_version=\u00bb4.20.4&#8243; _module_preset=\u00bbdefault\u00bb global_colors_info=\u00bb{}\u00bb][et_pb_column type=\u00bb4_4&#8243; _builder_version=\u00bb4.20.4&#8243; _module_preset=\u00bbdefault\u00bb global_colors_info=\u00bb{}\u00bb][et_pb_text _builder_version=\u00bb4.20.4&#8243; _module_preset=\u00bbdefault\u00bb header_font=\u00bbNoto Serif|700|||||||\u00bb header_text_color=\u00bb#FFFFFF\u00bb header_font_size=\u00bb50px\u00bb global_colors_info=\u00bb{}\u00bb]<\/p>\n<h1>Nuestras excursiones privadas<\/h1>\n<p>[\/et_pb_text][\/et_pb_column][\/et_pb_row][\/et_pb_section][et_pb_section fb_built=\u00bb1&#8243; _builder_version=\u00bb4.20.4&#8243; _module_preset=\u00bbdefault\u00bb custom_padding=\u00bb||7px|||\u00bb global_colors_info=\u00bb{}\u00bb][et_pb_row _builder_version=\u00bb4.20.4&#8243; _module_preset=\u00bbdefault\u00bb locked=\u00bboff\u00bb global_colors_info=\u00bb{}\u00bb][et_pb_column type=\u00bb4_4&#8243; _builder_version=\u00bb4.20.4&#8243; _module_preset=\u00bbdefault\u00bb global_colors_info=\u00bb{}\u00bb][et_pb_text _builder_version=\u00bb4.20.4&#8243; _module_preset=\u00bbdefault\u00bb text_font=\u00bbNoto Serif|700|on||||||\u00bb text_font_size=\u00bb17px\u00bb text_line_height=\u00bb1.6em\u00bb text_orientation=\u00bbcenter\u00bb global_colors_info=\u00bb{}\u00bb]<\/p>\n<p>Offrez-vous une exp\u00e9rience de voyage unique et personnalis\u00e9e au Mexique gr\u00e2ce \u00e0 nos excursions priv\u00e9es. <br \/>D\u00e9couvrez les merveilles culturelles et naturelles du pays lors d&#8217;une journ\u00e9e compl\u00e8te en compagnie de vos proches, <br \/>sans les tracas li\u00e9s \u00e0 la pr\u00e9sence d&#8217;autres touristes.<\/p>\n<p>Notre \u00e9quipe d\u00e9vou\u00e9e sera enti\u00e8rement \u00e0 votre disposition pour r\u00e9pondre \u00e0 tous vos besoins et vous accompagner tout au long de cette aventure exceptionnelle. Bien que nous proposions le meilleur programme selon nos recommandations d&#8217;experts, vous aurez \u00e9galement la libert\u00e9 totale de planifier votre propre itin\u00e9raire et de visiter les sites qui vous passionnent le plus.<\/p>\n<p>Que vous souhaitiez explorer des ruines antiques, vous d\u00e9tendre sur des plages spectaculaires ou partir \u00e0 la d\u00e9couverte des merveilles de la nature, notre \u00e9quipe sera l\u00e0 pour vous guider et vous assurer une exp\u00e9rience inoubliable.<\/p>\n<p>R\u00e9servez d\u00e8s maintenant votre excursion priv\u00e9e au Mexique et pr\u00e9parez-vous \u00e0 vivre des moments m\u00e9morables dans un cadre exceptionnel.<\/p>\n<p>[\/et_pb_text][\/et_pb_column][\/et_pb_row][\/et_pb_section][et_pb_section fb_built=\u00bb1&#8243; _builder_version=\u00bb4.20.4&#8243; _module_preset=\u00bbdefault\u00bb custom_padding=\u00bb2px||9px|||\u00bb global_colors_info=\u00bb{}\u00bb][et_pb_row column_structure=\u00bb1_3,1_3,1_3&#8243; make_equal=\u00bbon\u00bb _builder_version=\u00bb4.20.4&#8243; _module_preset=\u00bbdefault\u00bb global_colors_info=\u00bb{}\u00bb][et_pb_column type=\u00bb1_3&#8243; _builder_version=\u00bb4.21.0&#8243; _module_preset=\u00bbdefault\u00bb global_colors_info=\u00bb{}\u00bb][et_pb_blurb title=\u00bbTour privado CHICHEN ITZA\u00bb url=\u00bbhttps:\/\/vivaohlala.com\/es\/chichen-itza-privado\/\u00bb image=\u00bbhttps:\/\/vivaohlala.com\/wp-content\/uploads\/2023\/07\/agence-dexcursion-francophone-chichen-itza.jpg\u00bb module_class=\u00bbblzoom\u00bb _builder_version=\u00bb4.21.0&#8243; _module_preset=\u00bbdefault\u00bb header_font=\u00bbNoto Serif|700|||||||\u00bb header_text_align=\u00bbcenter\u00bb header_text_color=\u00bb#578279&#8243; header_font_size=\u00bb18px\u00bb min_height=\u00bb100%\u00bb custom_padding=\u00bb||||false|false\u00bb link_option_url=\u00bbhttps:\/\/vivaohlala.com\/es\/chichen-itza-privado\/\u00bb custom_css_blurb_image=\u00bb||\u00bb border_radii=\u00bbon|3px|3px|3px|3px\u00bb border_width_all=\u00bb1px\u00bb box_shadow_style=\u00bbpreset1&#8243; global_colors_info=\u00bb{}\u00bb background_color__hover=\u00bbrgba(0,0,0,0.04)\u00bb background_enable_color__hover=\u00bbon\u00bb image_icon_background_color__hover_enabled=\u00bboff|hover\u00bb transform_styles__hover_enabled=\u00bbon|desktop\u00bb transform_scale__hover_enabled=\u00bbon|hover\u00bb transform_translate__hover=\u00bb0px|-5px\u00bb transform_translate__hover_enabled=\u00bbon|desktop\u00bb transform_rotate__hover_enabled=\u00bbon|desktop\u00bb transform_skew__hover_enabled=\u00bbon|desktop\u00bb transform_origin__hover_enabled=\u00bbon|desktop\u00bb background__hover_enabled=\u00bbon|hover\u00bb]<\/p>\n<p><span style=\"font-size: 14px;\"><\/span><\/p>\n<p><span style=\"font-size: 14px;\">Cette exp\u00e9rience inoubliable restera grav\u00e9e dans votre m\u00e9moire et vous laissera avec une compr\u00e9hension plus profonde de la grandeur de l&#8217;ancienne civilisation maya.<\/span><span><\/span><\/p>\n<p><span>_________________________<\/span><\/p>\n<p><span><\/span><\/p>\n<p><strong>Prix sur demande<\/strong><\/p>\n<p><span class=\"boutonTour\">En savoir plus<\/span><\/p>\n<p><span><\/span><\/p>\n<p>[\/et_pb_blurb][\/et_pb_column][et_pb_column type=\u00bb1_3&#8243; _builder_version=\u00bb4.21.0&#8243; _module_preset=\u00bbdefault\u00bb global_colors_info=\u00bb{}\u00bb][et_pb_blurb title=\u00bbTour privado TULUM \/ AKUMAL\u00bb url=\u00bbhttps:\/\/vivaohlala.com\/es\/tulum-akumal-privado\/\u00bb image=\u00bbhttps:\/\/vivaohlala.com\/wp-content\/uploads\/2023\/04\/agence-de-voyage-francaise-tulum-akumal-mexique.jpg\u00bb module_class=\u00bbblzoom\u00bb _builder_version=\u00bb4.20.4&#8243; _module_preset=\u00bbdefault\u00bb header_font=\u00bbNoto Serif|700|||||||\u00bb header_text_align=\u00bbcenter\u00bb header_text_color=\u00bb#578279&#8243; header_font_size=\u00bb18px\u00bb min_height=\u00bb100%\u00bb custom_padding=\u00bb||||false|false\u00bb link_option_url=\u00bbhttps:\/\/vivaohlala.com\/es\/tulum-akumal-privado\/\u00bb custom_css_blurb_image=\u00bb||\u00bb border_radii=\u00bbon|3px|3px|3px|3px\u00bb border_width_all=\u00bb1px\u00bb box_shadow_style=\u00bbpreset1&#8243; global_colors_info=\u00bb{}\u00bb background_color__hover=\u00bbrgba(0,0,0,0.04)\u00bb background_enable_color__hover=\u00bbon\u00bb image_icon_background_color__hover_enabled=\u00bboff|hover\u00bb transform_styles__hover_enabled=\u00bbon|desktop\u00bb transform_scale__hover_enabled=\u00bbon|hover\u00bb transform_translate__hover=\u00bb0px|-5px\u00bb transform_translate__hover_enabled=\u00bbon|desktop\u00bb transform_rotate__hover_enabled=\u00bbon|desktop\u00bb transform_skew__hover_enabled=\u00bbon|desktop\u00bb transform_origin__hover_enabled=\u00bbon|desktop\u00bb background__hover_enabled=\u00bbon|hover\u00bb]<\/p>\n<p><span><\/span><\/p>\n<p><span>Transformez votre r\u00eave en r\u00e9alit\u00e9 : plongez dans des eaux cristallines et nagez aux c\u00f4t\u00e9s des majestueuses tortues marines !<\/span><\/p>\n<p><span>_________________________<\/span><\/p>\n<p><span><\/span><\/p>\n<p><strong>Prix sur demande<\/strong><\/p>\n<p><span class=\"boutonTour\">En savoir plus<\/span><\/p>\n<p><span><\/span><\/p>\n<p>[\/et_pb_blurb][\/et_pb_column][et_pb_column type=\u00bb1_3&#8243; _builder_version=\u00bb4.21.0&#8243; _module_preset=\u00bbdefault\u00bb global_colors_info=\u00bb{}\u00bb][et_pb_blurb title=\u00bbTour privado HOLBOX\u00bb url=\u00bbhttps:\/\/vivaohlala.com\/es\/holbox-privado\/\u00bb module_class=\u00bbblzoom\u00bb _builder_version=\u00bb4.21.0&#8243; _module_preset=\u00bbdefault\u00bb header_font=\u00bbNoto Serif|700|||||||\u00bb header_text_align=\u00bbcenter\u00bb header_text_color=\u00bb#578279&#8243; header_font_size=\u00bb18px\u00bb transform_translate_linked__hover=\u00bboff\u00bb min_height=\u00bb100%\u00bb custom_padding=\u00bb||||false|false\u00bb link_option_url=\u00bbhttps:\/\/vivaohlala.com\/es\/holbox-privado\/\u00bb hover_enabled=\u00bb0&#8243; custom_css_blurb_image=\u00bb||\u00bb border_radii=\u00bbon|3px|3px|3px|3px\u00bb border_width_all=\u00bb1px\u00bb box_shadow_style=\u00bbpreset1&#8243; global_colors_info=\u00bb{}\u00bb transform_styles__hover_enabled=\u00bbon|desktop\u00bb transform_scale__hover_enabled=\u00bbon|hover\u00bb transform_translate__hover_enabled=\u00bbon|desktop\u00bb transform_rotate__hover_enabled=\u00bbon|desktop\u00bb transform_skew__hover_enabled=\u00bbon|desktop\u00bb transform_origin__hover_enabled=\u00bbon|desktop\u00bb transform_translate__hover=\u00bb0px|-5px\u00bb image_icon_background_color__hover_enabled=\u00bboff|hover\u00bb background__hover_enabled=\u00bbon|hover\u00bb background_color__hover=\u00bbrgba(0,0,0,0.04)\u00bb background_enable_color__hover=\u00bbon\u00bb alt=\u00bbVisite d&#8217;Holbox avec le Tour Op\u00e9rateur VivaOhlala sp\u00e9cialis\u00e9 dans les excursions francophones\u00bb title_text=\u00bbvisite-holbox-tour-operateur-francophone-ConvertImage\u00bb image=\u00bbhttps:\/\/vivaohlala.com\/wp-content\/uploads\/2023\/07\/visite-holbox-tour-operateur-francophone-ConvertImage.jpg\u00bb sticky_enabled=\u00bb0&#8243;]<\/p>\n<p><span><\/span><\/p>\n<p><span>Holbox : Le Paradis Terrestre qui vous transporte dans un monde de r\u00eave !<\/span><\/p>\n<p><span>_________________________<\/span><\/p>\n<p><span><\/span><\/p>\n<p><strong>Prix sur demande<\/strong><\/p>\n<p><span class=\"boutonTour\">En savoir plus<\/span><\/p>\n<p><span><\/span><\/p>\n<p>[\/et_pb_blurb][\/et_pb_column][\/et_pb_row][et_pb_row column_structure=\u00bb1_3,1_3,1_3&#8243; make_equal=\u00bbon\u00bb _builder_version=\u00bb4.20.4&#8243; _module_preset=\u00bbdefault\u00bb global_colors_info=\u00bb{}\u00bb][et_pb_column type=\u00bb1_3&#8243; _builder_version=\u00bb4.21.0&#8243; _module_preset=\u00bbdefault\u00bb global_colors_info=\u00bb{}\u00bb][et_pb_blurb title=\u00bbTour privado COBA \/ PUNTA LAGUNA\u00bb url=\u00bbhttps:\/\/vivaohlala.com\/es\/coba-punta-laguna-privado\/\u00bb image=\u00bbhttps:\/\/vivaohlala.com\/wp-content\/uploads\/2023\/04\/agence-de-voyage-francaise-coba-punta-laguna-mexique.jpg\u00bb module_class=\u00bbblzoom\u00bb _builder_version=\u00bb4.20.4&#8243; _module_preset=\u00bbdefault\u00bb header_font=\u00bbNoto Serif|700|||||||\u00bb header_text_align=\u00bbcenter\u00bb header_text_color=\u00bb#578279&#8243; header_font_size=\u00bb18px\u00bb min_height=\u00bb100%\u00bb custom_padding=\u00bb||||false|false\u00bb link_option_url=\u00bbhttps:\/\/vivaohlala.com\/es\/coba-punta-laguna-privado\/\u00bb custom_css_blurb_image=\u00bb||\u00bb border_radii=\u00bbon|3px|3px|3px|3px\u00bb border_width_all=\u00bb1px\u00bb box_shadow_style=\u00bbpreset1&#8243; global_colors_info=\u00bb{}\u00bb background_color__hover=\u00bbrgba(0,0,0,0.04)\u00bb background_enable_color__hover=\u00bbon\u00bb image_icon_background_color__hover_enabled=\u00bboff|hover\u00bb transform_styles__hover_enabled=\u00bbon|desktop\u00bb transform_scale__hover_enabled=\u00bbon|hover\u00bb transform_translate__hover=\u00bb0px|-5px\u00bb transform_translate__hover_enabled=\u00bbon|desktop\u00bb transform_rotate__hover_enabled=\u00bbon|desktop\u00bb transform_skew__hover_enabled=\u00bbon|desktop\u00bb transform_origin__hover_enabled=\u00bbon|desktop\u00bb background__hover_enabled=\u00bbon|hover\u00bb]<\/p>\n<p><span><\/span><\/p>\n<p><span>Explorez la fascinante cit\u00e9 antique de Cob\u00e1 en vous laissant s\u00e9duire par la beaut\u00e9 enchanteresse de la r\u00e9serve de Punta Laguna. Cette combinaison unique vous transportera dans un voyage \u00e0 travers le temps et la nature.<\/span><\/p>\n<p><span>_________________________<\/span><\/p>\n<p><span><\/span><\/p>\n<p><strong>Prix sur demande<\/strong><\/p>\n<p><span class=\"boutonTour\">En savoir plus<\/span><\/p>\n<p><span><\/span><\/p>\n<p>[\/et_pb_blurb][\/et_pb_column][et_pb_column type=\u00bb1_3&#8243; _builder_version=\u00bb4.21.0&#8243; _module_preset=\u00bbdefault\u00bb global_colors_info=\u00bb{}\u00bb][et_pb_blurb title=\u00bbTour privado BACALAR\u00bb url=\u00bbhttps:\/\/vivaohlala.com\/es\/bacalar-privado\/\u00bb image=\u00bbhttps:\/\/vivaohlala.com\/wp-content\/uploads\/2023\/04\/agence-de-voyage-francaise-bacalar-mexique.jpg\u00bb module_class=\u00bbblzoom\u00bb _builder_version=\u00bb4.20.4&#8243; _module_preset=\u00bbdefault\u00bb header_font=\u00bbNoto Serif|700|||||||\u00bb header_text_align=\u00bbcenter\u00bb header_text_color=\u00bb#578279&#8243; header_font_size=\u00bb18px\u00bb min_height=\u00bb100%\u00bb custom_padding=\u00bb||||false|false\u00bb link_option_url=\u00bbhttps:\/\/vivaohlala.com\/es\/bacalar-privado\/\u00bb custom_css_blurb_image=\u00bb||\u00bb border_radii=\u00bbon|3px|3px|3px|3px\u00bb border_width_all=\u00bb1px\u00bb box_shadow_style=\u00bbpreset1&#8243; global_colors_info=\u00bb{}\u00bb background_color__hover=\u00bbrgba(0,0,0,0.04)\u00bb background_enable_color__hover=\u00bbon\u00bb image_icon_background_color__hover_enabled=\u00bboff|hover\u00bb transform_styles__hover_enabled=\u00bbon|desktop\u00bb transform_scale__hover_enabled=\u00bbon|hover\u00bb transform_translate__hover=\u00bb0px|-5px\u00bb transform_translate__hover_enabled=\u00bbon|desktop\u00bb transform_rotate__hover_enabled=\u00bbon|desktop\u00bb transform_skew__hover_enabled=\u00bbon|desktop\u00bb transform_origin__hover_enabled=\u00bbon|desktop\u00bb background__hover_enabled=\u00bbon|hover\u00bb]<\/p>\n<p><span><\/span><\/p>\n<p><span>R\u00e9servez d\u00e8s maintenant votre escapade vers la lagune aux sept nuances de bleu et pr\u00e9parez-vous \u00e0 vivre une exp\u00e9rience aussi exceptionnelle que captivante.<\/span><\/p>\n<p><span>_________________________<\/span><\/p>\n<p><span><\/span><\/p>\n<p><strong>Prix sur demande<\/strong><\/p>\n<p><span class=\"boutonTour\">En savoir plus<\/span><\/p>\n<p><span><\/span><\/p>\n<p>[\/et_pb_blurb][\/et_pb_column][et_pb_column type=\u00bb1_3&#8243; _builder_version=\u00bb4.21.0&#8243; _module_preset=\u00bbdefault\u00bb global_colors_info=\u00bb{}\u00bb][et_pb_blurb title=\u00bbTour privado RIO LAGARTOS\u00bb url=\u00bbhttps:\/\/vivaohlala.com\/es\/rio-lagartos-privado\/\u00bb image=\u00bbhttps:\/\/vivaohlala.com\/wp-content\/uploads\/2023\/04\/agence-de-voyage-francaise-rio-lagartos-mexique.jpg\u00bb title_last_edited=\u00bboff|desktop\u00bb module_class=\u00bbblzoom\u00bb _builder_version=\u00bb4.20.4&#8243; _module_preset=\u00bbdefault\u00bb header_font=\u00bbNoto Serif|700|||||||\u00bb header_text_align=\u00bbcenter\u00bb header_text_color=\u00bb#578279&#8243; header_font_size=\u00bb18px\u00bb min_height=\u00bb100%\u00bb custom_padding=\u00bb||||false|false\u00bb link_option_url=\u00bbhttps:\/\/vivaohlala.com\/es\/rio-lagartos-privado\/\u00bb custom_css_blurb_image=\u00bb||\u00bb border_radii=\u00bbon|3px|3px|3px|3px\u00bb border_width_all=\u00bb1px\u00bb box_shadow_style=\u00bbpreset1&#8243; global_colors_info=\u00bb{}\u00bb background_color__hover=\u00bbrgba(0,0,0,0.04)\u00bb background_enable_color__hover=\u00bbon\u00bb image_icon_background_color__hover_enabled=\u00bboff|hover\u00bb transform_styles__hover_enabled=\u00bbon|desktop\u00bb transform_scale__hover_enabled=\u00bbon|hover\u00bb transform_translate__hover=\u00bb0px|-5px\u00bb transform_translate__hover_enabled=\u00bbon|desktop\u00bb transform_rotate__hover_enabled=\u00bbon|desktop\u00bb transform_skew__hover_enabled=\u00bbon|desktop\u00bb transform_origin__hover_enabled=\u00bbon|desktop\u00bb background__hover_enabled=\u00bbon|hover\u00bb]<\/p>\n<p><span><\/span><\/p>\n<p><span>\u00c9vadez-vous vers des joyaux cach\u00e9s : Ek Balam, Rio Lagartos et Las Coloradas,\u00a0 \u00a0 \u00a0 des destinations enchanteresses qui ne manqueront pas de vous \u00e9merveiller.<\/span><\/p>\n<p><span>_________________________<\/span><\/p>\n<p><span><\/span><\/p>\n<p><strong>Prix sur demande<\/strong><\/p>\n<p><span class=\"boutonTour\">En savoir plus<\/span><\/p>\n<p><span><\/span><\/p>\n<p>[\/et_pb_blurb][\/et_pb_column][\/et_pb_row][et_pb_row column_structure=\u00bb1_3,1_3,1_3&#8243; make_equal=\u00bbon\u00bb _builder_version=\u00bb4.20.4&#8243; _module_preset=\u00bbdefault\u00bb global_colors_info=\u00bb{}\u00bb][et_pb_column type=\u00bb1_3&#8243; _builder_version=\u00bb4.21.0&#8243; _module_preset=\u00bbdefault\u00bb global_colors_info=\u00bb{}\u00bb][et_pb_blurb title=\u00bbTour priv\u00e9 \u00e0 SIAN KA&#8217;AN\u00bb url=\u00bb@ET-DC@eyJkeW5hbWljIjp0cnVlLCJjb250ZW50IjoicG9zdF9saW5rX3VybF9wYWdlIiwic2V0dGluZ3MiOnsicG9zdF9pZCI6IjE5MjIifX0=@\u00bb image=\u00bbhttps:\/\/vivaohlala.com\/wp-content\/uploads\/2023\/07\/excursion-sian-kaan-francophone.jpg\u00bb module_class=\u00bbblzoom\u00bb _builder_version=\u00bb4.21.0&#8243; _dynamic_attributes=\u00bburl,link_option_url\u00bb _module_preset=\u00bbdefault\u00bb header_font=\u00bbNoto Serif|700|||||||\u00bb header_text_align=\u00bbcenter\u00bb header_text_color=\u00bb#578279&#8243; header_font_size=\u00bb18px\u00bb min_height=\u00bb100%\u00bb custom_padding=\u00bb||||false|false\u00bb link_option_url=\u00bb@ET-DC@eyJkeW5hbWljIjp0cnVlLCJjb250ZW50IjoicG9zdF9saW5rX3VybF9wYWdlIiwic2V0dGluZ3MiOnsicG9zdF9pZCI6IjE5MjIifX0=@\u00bb custom_css_blurb_image=\u00bb||\u00bb border_radii=\u00bbon|3px|3px|3px|3px\u00bb border_width_all=\u00bb1px\u00bb box_shadow_style=\u00bbpreset1&#8243; global_colors_info=\u00bb{}\u00bb background_color__hover=\u00bbrgba(0,0,0,0.04)\u00bb background_enable_color__hover=\u00bbon\u00bb image_icon_background_color__hover_enabled=\u00bboff|hover\u00bb transform_styles__hover_enabled=\u00bbon|desktop\u00bb transform_scale__hover_enabled=\u00bbon|hover\u00bb transform_translate__hover=\u00bb0px|-5px\u00bb transform_translate__hover_enabled=\u00bbon|desktop\u00bb transform_rotate__hover_enabled=\u00bbon|desktop\u00bb transform_skew__hover_enabled=\u00bbon|desktop\u00bb transform_origin__hover_enabled=\u00bbon|desktop\u00bb background__hover_enabled=\u00bbon|hover\u00bb]<\/p>\n<p><span><\/span><\/p>\n<p><span>Plongez dans l&#8217;aventure extraordinaire de Sian Ka&#8217;an et d\u00e9couvrez une profusion d&#8217;animaux fascinants dans leur habitat naturel pr\u00e9serv\u00e9.<\/span><\/p>\n<p><span>_________________________<\/span><\/p>\n<p><span><\/span><\/p>\n<p><strong>Prix sur demande<\/strong><\/p>\n<p><span class=\"boutonTour\">En savoir plus<\/span><\/p>\n<p><span><\/span><\/p>\n<p>[\/et_pb_blurb][\/et_pb_column][et_pb_column type=\u00bb1_3&#8243; _builder_version=\u00bb4.20.4&#8243; _module_preset=\u00bbdefault\u00bb global_colors_info=\u00bb{}\u00bb][et_pb_blurb title=\u00bbTour privado ISLA MUJERES\u00bb url=\u00bbhttps:\/\/vivaohlala.com\/es\/isla-mujeres-privado\/\u00bb image=\u00bbhttps:\/\/vivaohlala.com\/wp-content\/uploads\/2023\/04\/agence-de-voyage-francaise-isla-mujeres-mexique.jpg\u00bb module_class=\u00bbblzoom\u00bb _builder_version=\u00bb4.20.4&#8243; _module_preset=\u00bbdefault\u00bb header_font=\u00bbNoto Serif|700|||||||\u00bb header_text_align=\u00bbcenter\u00bb header_text_color=\u00bb#578279&#8243; header_font_size=\u00bb18px\u00bb min_height=\u00bb100%\u00bb custom_padding=\u00bb||||false|false\u00bb link_option_url=\u00bbhttps:\/\/vivaohlala.com\/es\/isla-mujeres-privado\/\u00bb custom_css_blurb_image=\u00bb||\u00bb border_radii=\u00bbon|3px|3px|3px|3px\u00bb border_width_all=\u00bb1px\u00bb box_shadow_style=\u00bbpreset1&#8243; global_colors_info=\u00bb{}\u00bb background_color__hover=\u00bbrgba(0,0,0,0.04)\u00bb background_enable_color__hover=\u00bbon\u00bb image_icon_background_color__hover_enabled=\u00bboff|hover\u00bb transform_styles__hover_enabled=\u00bbon|desktop\u00bb transform_scale__hover_enabled=\u00bbon|hover\u00bb transform_translate__hover=\u00bb0px|-5px\u00bb transform_translate__hover_enabled=\u00bbon|desktop\u00bb transform_rotate__hover_enabled=\u00bbon|desktop\u00bb transform_skew__hover_enabled=\u00bbon|desktop\u00bb transform_origin__hover_enabled=\u00bbon|desktop\u00bb background__hover_enabled=\u00bbon|hover\u00bb]<\/p>\n<p><span><\/span><\/p>\n<p><span>Plongez dans une aventure sous-marine inoubliable \u00e0 Isla Mujeres, o\u00f9 vous d\u00e9couvrirez le plus grand mus\u00e9e sous-marin du monde. Une exp\u00e9rience qui allie la beaut\u00e9 des eaux cristallines de la mer des Cara\u00efbes \u00e0 l&#8217;art subaquatique spectaculaire.<\/span><\/p>\n<p><span>_________________________<\/span><\/p>\n<p><span><\/span><\/p>\n<p><strong>Prix sur demande<\/strong><\/p>\n<p><span class=\"boutonTour\">En savoir plus<\/span><\/p>\n<p><span><\/span><\/p>\n<p>[\/et_pb_blurb][\/et_pb_column][et_pb_column type=\u00bb1_3&#8243; _builder_version=\u00bb4.20.4&#8243; _module_preset=\u00bbdefault\u00bb global_colors_info=\u00bb{}\u00bb][et_pb_blurb title=\u00bbTour priv\u00e9 REQUIN BALEINE\u00bb url=\u00bb@ET-DC@eyJkeW5hbWljIjp0cnVlLCJjb250ZW50IjoicG9zdF9saW5rX3VybF9wYWdlIiwic2V0dGluZ3MiOnsicG9zdF9pZCI6IjE5OTkifX0=@\u00bb image=\u00bbhttps:\/\/vivaohlala.com\/wp-content\/uploads\/2023\/07\/requin-baleine-mexique.jpg\u00bb module_class=\u00bbblzoom\u00bb _builder_version=\u00bb4.21.0&#8243; _dynamic_attributes=\u00bburl,link_option_url\u00bb _module_preset=\u00bbdefault\u00bb header_font=\u00bbNoto Serif|700|||||||\u00bb header_text_align=\u00bbcenter\u00bb header_text_color=\u00bb#578279&#8243; header_font_size=\u00bb18px\u00bb min_height=\u00bb100%\u00bb custom_padding=\u00bb||||false|false\u00bb link_option_url=\u00bb@ET-DC@eyJkeW5hbWljIjp0cnVlLCJjb250ZW50IjoicG9zdF9saW5rX3VybF9wYWdlIiwic2V0dGluZ3MiOnsicG9zdF9pZCI6IjE5OTkifX0=@\u00bb custom_css_blurb_image=\u00bb||\u00bb border_radii=\u00bbon|3px|3px|3px|3px\u00bb border_width_all=\u00bb1px\u00bb box_shadow_style=\u00bbpreset1&#8243; global_colors_info=\u00bb{}\u00bb background_color__hover=\u00bbrgba(0,0,0,0.04)\u00bb background_enable_color__hover=\u00bbon\u00bb image_icon_background_color__hover_enabled=\u00bboff|hover\u00bb transform_styles__hover_enabled=\u00bbon|desktop\u00bb transform_scale__hover_enabled=\u00bbon|hover\u00bb transform_translate__hover=\u00bb0px|-5px\u00bb transform_translate__hover_enabled=\u00bbon|desktop\u00bb transform_rotate__hover_enabled=\u00bbon|desktop\u00bb transform_skew__hover_enabled=\u00bbon|desktop\u00bb transform_origin__hover_enabled=\u00bbon|desktop\u00bb background__hover_enabled=\u00bbon|hover\u00bb]<\/p>\n<p><span><\/span><\/p>\n<p><span>Vivez une exp\u00e9rience hors du commun : nagez aux c\u00f4t\u00e9s du majestueux requin-baleine !<\/span><\/p>\n<p><span>_________________________<\/span><\/p>\n<p><span><\/span><\/p>\n<p><strong>Prix sur demande<\/strong><\/p>\n<p><span class=\"boutonTour\">En savoir plus<\/span><\/p>\n<p><span><\/span><\/p>\n<p>[\/et_pb_blurb][\/et_pb_column][\/et_pb_row][\/et_pb_section]<\/p>\n","protected":false},"excerpt":{"rendered":"<p>Nuestras excursiones privadasOffrez-vous une exp\u00e9rience de voyage unique et personnalis\u00e9e au Mexique gr\u00e2ce \u00e0 nos excursions priv\u00e9es. D\u00e9couvrez les merveilles culturelles et naturelles du pays lors d&#8217;une journ\u00e9e compl\u00e8te en compagnie de vos proches, sans les tracas li\u00e9s \u00e0 la pr\u00e9sence d&#8217;autres touristes. Notre \u00e9quipe d\u00e9vou\u00e9e sera enti\u00e8rement \u00e0 votre disposition pour r\u00e9pondre \u00e0 tous [&hellip;]<\/p>\n","protected":false},"author":1,"featured_media":0,"parent":0,"menu_order":0,"comment_status":"closed","ping_status":"closed","template":"","meta":{"_et_pb_use_builder":"on","_et_pb_old_content":"","_et_gb_content_width":"","_joinchat":[],"footnotes":""},"class_list":["post-725","page","type-page","status-publish","hentry"],"_links":{"self":[{"href":"https:\/\/vivaohlala.com\/es\/wp-json\/wp\/v2\/pages\/725","targetHints":{"allow":["GET"]}}],"collection":[{"href":"https:\/\/vivaohlala.com\/es\/wp-json\/wp\/v2\/pages"}],"about":[{"href":"https:\/\/vivaohlala.com\/es\/wp-json\/wp\/v2\/types\/page"}],"author":[{"embeddable":true,"href":"https:\/\/vivaohlala.com\/es\/wp-json\/wp\/v2\/users\/1"}],"replies":[{"embeddable":true,"href":"https:\/\/vivaohlala.com\/es\/wp-json\/wp\/v2\/comments?post=725"}],"version-history":[{"count":7,"href":"https:\/\/vivaohlala.com\/es\/wp-json\/wp\/v2\/pages\/725\/revisions"}],"predecessor-version":[{"id":3176,"href":"https:\/\/vivaohlala.com\/es\/wp-json\/wp\/v2\/pages\/725\/revisions\/3176"}],"wp:attachment":[{"href":"https:\/\/vivaohlala.com\/es\/wp-json\/wp\/v2\/media?parent=725"}],"curies":[{"name":"wp","href":"https:\/\/api.w.org\/{rel}","templated":true}]}}