{"id":728,"date":"2023-04-10T17:51:30","date_gmt":"2023-04-10T15:51:30","guid":{"rendered":"https:\/\/vivaohlala.com\/nuestras-excursiones-a-medida\/"},"modified":"2023-07-06T19:02:55","modified_gmt":"2023-07-06T17:02:55","slug":"nuestras-excursiones-a-medida","status":"publish","type":"page","link":"https:\/\/vivaohlala.com\/es\/nuestras-excursiones-a-medida\/","title":{"rendered":"Nuestras excursiones a medida"},"content":{"rendered":"<p>[et_pb_section fb_built=\u00bb1&#8243; _builder_version=\u00bb4.20.4&#8243; _module_preset=\u00bbdefault\u00bb background_image=\u00bbhttps:\/\/vivaohlala.com\/wp-content\/uploads\/2023\/04\/nos-excursions-classiques-mexique-riviera-maya-cancun.jpg\u00bb global_colors_info=\u00bb{}\u00bb][et_pb_row _builder_version=\u00bb4.20.4&#8243; _module_preset=\u00bbdefault\u00bb global_colors_info=\u00bb{}\u00bb][et_pb_column type=\u00bb4_4&#8243; _builder_version=\u00bb4.20.4&#8243; _module_preset=\u00bbdefault\u00bb global_colors_info=\u00bb{}\u00bb][et_pb_text _builder_version=\u00bb4.20.4&#8243; _module_preset=\u00bbdefault\u00bb header_font=\u00bbNoto Serif|700|||||||\u00bb header_text_color=\u00bb#FFFFFF\u00bb header_font_size=\u00bb50px\u00bb global_colors_info=\u00bb{}\u00bb]<\/p>\n<h1>Nuestras excursiones a medida<\/h1>\n<p>[\/et_pb_text][\/et_pb_column][\/et_pb_row][\/et_pb_section][et_pb_section fb_built=\u00bb1&#8243; _builder_version=\u00bb4.20.4&#8243; _module_preset=\u00bbdefault\u00bb custom_padding=\u00bb||7px|||\u00bb global_colors_info=\u00bb{}\u00bb][et_pb_row _builder_version=\u00bb4.20.4&#8243; _module_preset=\u00bbdefault\u00bb global_colors_info=\u00bb{}\u00bb][et_pb_column type=\u00bb4_4&#8243; _builder_version=\u00bb4.20.4&#8243; _module_preset=\u00bbdefault\u00bb global_colors_info=\u00bb{}\u00bb][et_pb_text _builder_version=\u00bb4.20.4&#8243; _module_preset=\u00bbdefault\u00bb hover_enabled=\u00bb0&#8243; global_colors_info=\u00bb{}\u00bb sticky_enabled=\u00bb0&#8243;]\u00a1Opta por una estancia a medida y original con un gu\u00eda franc\u00f3fono en M\u00e9xico!<br \/>\nVivaOhlala : con sus gu\u00edas franc\u00f3fonos privados Reg\u00e1late excursiones a medida a los lugares m\u00e1s m\u00e1gicos de M\u00e9xico. Presupuesto personalizado y a medida[\/et_pb_text][\/et_pb_column][\/et_pb_row][\/et_pb_section]<\/p>\n","protected":false},"excerpt":{"rendered":"<p>Nuestras excursiones a medida\u00a1Opta por una estancia a medida y original con un gu\u00eda franc\u00f3fono en M\u00e9xico! VivaOhlala : con sus gu\u00edas franc\u00f3fonos privados Reg\u00e1late excursiones a medida a los lugares m\u00e1s m\u00e1gicos de M\u00e9xico. Presupuesto personalizado y a medida<\/p>\n","protected":false},"author":1,"featured_media":0,"parent":0,"menu_order":0,"comment_status":"closed","ping_status":"closed","template":"","meta":{"_et_pb_use_builder":"on","_et_pb_old_content":"","_et_gb_content_width":"","_joinchat":[],"footnotes":""},"class_list":["post-728","page","type-page","status-publish","hentry"],"_links":{"self":[{"href":"https:\/\/vivaohlala.com\/es\/wp-json\/wp\/v2\/pages\/728","targetHints":{"allow":["GET"]}}],"collection":[{"href":"https:\/\/vivaohlala.com\/es\/wp-json\/wp\/v2\/pages"}],"about":[{"href":"https:\/\/vivaohlala.com\/es\/wp-json\/wp\/v2\/types\/page"}],"author":[{"embeddable":true,"href":"https:\/\/vivaohlala.com\/es\/wp-json\/wp\/v2\/users\/1"}],"replies":[{"embeddable":true,"href":"https:\/\/vivaohlala.com\/es\/wp-json\/wp\/v2\/comments?post=728"}],"version-history":[{"count":5,"href":"https:\/\/vivaohlala.com\/es\/wp-json\/wp\/v2\/pages\/728\/revisions"}],"predecessor-version":[{"id":2090,"href":"https:\/\/vivaohlala.com\/es\/wp-json\/wp\/v2\/pages\/728\/revisions\/2090"}],"wp:attachment":[{"href":"https:\/\/vivaohlala.com\/es\/wp-json\/wp\/v2\/media?parent=728"}],"curies":[{"name":"wp","href":"https:\/\/api.w.org\/{rel}","templated":true}]}}