{"id":734,"date":"2023-04-26T16:23:47","date_gmt":"2023-04-26T14:23:47","guid":{"rendered":"https:\/\/vivaohlala.com\/quienes-somos\/"},"modified":"2023-07-06T18:06:11","modified_gmt":"2023-07-06T16:06:11","slug":"quienes-somos","status":"publish","type":"page","link":"https:\/\/vivaohlala.com\/es\/quienes-somos\/","title":{"rendered":"\u00bfQui\u00e9nes somos?"},"content":{"rendered":"<p>[et_pb_section fb_built=\u00bb1&#8243; _builder_version=\u00bb4.20.4&#8243; _module_preset=\u00bbdefault\u00bb background_image=\u00bbhttps:\/\/vivaohlala.com\/wp-content\/uploads\/2023\/04\/vivaohlala-excursion-mexique-yucatan-riviera-maya-photo-video-drone.jpg\u00bb global_colors_info=\u00bb{}\u00bb][et_pb_row _builder_version=\u00bb4.20.4&#8243; _module_preset=\u00bbdefault\u00bb global_colors_info=\u00bb{}\u00bb][et_pb_column type=\u00bb4_4&#8243; _builder_version=\u00bb4.20.4&#8243; _module_preset=\u00bbdefault\u00bb global_colors_info=\u00bb{}\u00bb][et_pb_text _builder_version=\u00bb4.20.4&#8243; _module_preset=\u00bbdefault\u00bb header_font=\u00bbNoto Serif|700|||||||\u00bb header_text_align=\u00bbcenter\u00bb header_text_color=\u00bb#FFFFFF\u00bb header_font_size=\u00bb50px\u00bb background_enable_image=\u00bboff\u00bb header_font_size_tablet=\u00bb40px\u00bb header_font_size_phone=\u00bb40px\u00bb header_font_size_last_edited=\u00bbon|desktop\u00bb global_colors_info=\u00bb{}\u00bb]<\/p>\n<h1>\u00bfQui\u00e9nes somos?<\/h1>\n<p>[\/et_pb_text][\/et_pb_column][\/et_pb_row][\/et_pb_section][et_pb_section fb_built=\u00bb1&#8243; _builder_version=\u00bb4.20.4&#8243; _module_preset=\u00bbdefault\u00bb custom_padding=\u00bb||9px|||\u00bb animation_style=\u00bbfade\u00bb global_colors_info=\u00bb{}\u00bb][et_pb_row column_structure=\u00bb3_4,1_4&#8243; _builder_version=\u00bb4.20.4&#8243; _module_preset=\u00bbdefault\u00bb global_colors_info=\u00bb{}\u00bb][et_pb_column type=\u00bb3_4&#8243; _builder_version=\u00bb4.20.4&#8243; _module_preset=\u00bbdefault\u00bb global_colors_info=\u00bb{}\u00bb][et_pb_text _builder_version=\u00bb4.20.4&#8243; _module_preset=\u00bbdefault\u00bb text_font=\u00bbNoto Serif||||||||\u00bb text_font_size=\u00bb17px\u00bb header_2_font=\u00bbNoto Serif|700|||||||\u00bb header_2_font_size=\u00bb33px\u00bb global_colors_info=\u00bb{}\u00bb]<\/p>\n<p>VivaOhlala es una agencia especializada en excursiones originales en M\u00e9xico.<\/p>\n<p>Nos mueve la pasi\u00f3n por viajar y descubrir, y estamos orgullosos de contar con gu\u00edas que aman M\u00e9xico y que saben transmitir su pasi\u00f3n a nuestros clientes.<\/p>\n<p>En VivaOhlala creemos que cada viajero es \u00fanico y merece una experiencia de viaje a su medida.<\/p>\n<p>Nuestros gu\u00edas privados est\u00e1n aqu\u00ed para mimarte y guiarte por los lugares m\u00e1s m\u00e1gicos de M\u00e9xico, ofreci\u00e9ndote excursiones originales y aut\u00e9nticas, lejos de los tours operadores industriales.<\/p>\n<p>Estamos aqu\u00ed para ofrecerte lo mejor, ya sea en descubrimiento cultural, encuentros locales <br \/>o aventuras ins\u00f3litas.<\/p>\n<p><strong>En VivaOhlala creemos que viajar es ante todo una experiencia humana y hacemos todo lo posible para ofrecerte momentos inolvidables.<\/strong><\/p>\n<p>[\/et_pb_text][\/et_pb_column][et_pb_column type=\u00bb1_4&#8243; _builder_version=\u00bb4.20.4&#8243; _module_preset=\u00bbdefault\u00bb global_colors_info=\u00bb{}\u00bb][et_pb_image src=\u00bbhttps:\/\/vivaohlala.com\/wp-content\/uploads\/2023\/04\/agence-de-voyage-francophone-mexique-yucatan-riviera-maya-2.jpg\u00bb title_text=\u00bbagencia de viaje francofona mexicana yucatan riviera maya (2)\u00bb _builder_version=\u00bb4.20.4&#8243; _module_preset=\u00bbdefault\u00bb box_shadow_style=\u00bbpreset1&#8243; global_colors_info=\u00bb{}\u00bb][\/et_pb_image][\/et_pb_column][\/et_pb_row][\/et_pb_section][et_pb_section fb_built=\u00bb1&#8243; _builder_version=\u00bb4.20.4&#8243; _module_preset=\u00bbdefault\u00bb custom_padding=\u00bb23px|||||\u00bb global_colors_info=\u00bb{}\u00bb][et_pb_row column_structure=\u00bb2_5,3_5&#8243; make_equal=\u00bbon\u00bb _builder_version=\u00bb4.20.4&#8243; _module_preset=\u00bbdefault\u00bb background_color=\u00bb#f7f7f7&#8243; custom_padding=\u00bb0px||0px||false|false\u00bb animation_style=\u00bbslide\u00bb animation_direction=\u00bbright\u00bb border_radii=\u00bbon|10px|10px|10px|10px\u00bb border_width_all=\u00bb2px\u00bb box_shadow_style=\u00bbpreset1&#8243; global_colors_info=\u00bb{}\u00bb][et_pb_column type=\u00bb2_5&#8243; _builder_version=\u00bb4.20.4&#8243; _module_preset=\u00bbdefault\u00bb global_colors_info=\u00bb{}\u00bb][et_pb_image src=\u00bbhttps:\/\/vivaohlala.com\/wp-content\/uploads\/2023\/04\/simon-vivaohlala-excursion-cancun-tulum-riviera-maya.jpg\u00bb title_text=\u00bbsimon vivaohlala excursion cancun tulum riviera maya\u00bb _builder_version=\u00bb4.20.4&#8243; _module_preset=\u00bbdefault\u00bb global_colors_info=\u00bb{}\u00bb][\/et_pb_image][\/et_pb_column][et_pb_column type=\u00bb3_5&#8243; _builder_version=\u00bb4.20.4&#8243; _module_preset=\u00bbdefault\u00bb custom_padding=\u00bb3%|2%||2%|false|false\u00bb global_colors_info=\u00bb{}\u00bb][et_pb_text _builder_version=\u00bb4.20.4&#8243; _module_preset=\u00bbdefault\u00bb text_font=\u00bbNoto Serif||||||||\u00bb text_font_size=\u00bb15px\u00bb header_2_font=\u00bbNoto Serif|700|||||||\u00bb header_2_font_size=\u00bb33px\u00bb global_colors_info=\u00bb{}\u00bb]<\/p>\n<h2>Simon, <span class=\"petit\">fundador<\/span><\/h2>\n<p><span class=\"petit\"><\/span><\/p>\n<h3>Franc\u00e9s enamorado de M\u00e9xico<\/h3>\n<p>Alegre y servicial, Simon es un viajero experimentado, que ha visitado m\u00e1s <br \/>de 53 pa\u00edses en 10 a\u00f1os de viajes por el mundo. Con esta experiencia, est\u00e1 acostumbrado a ayudar a los viajeros que encuentra y a compartir sus conocimientos.<\/p>\n<p>Despu\u00e9s de explorar todos los rincones de M\u00e9xico durante un viaje de 8 meses, Simon decidi\u00f3 regresar a la Riviera Maya para compartir su pasi\u00f3n con sus clientes. Le apasionan la fotograf\u00eda, el submarinismo y los animales.<\/p>\n<p>Como piloto de drones, Simon estar\u00e1 encantado de capturar fotos y v\u00eddeos a\u00e9reos excepcionales durante sus excursiones.<\/p>\n<p>En Viva Ohlala, nos comprometemos a proporcionarte experiencias de viaje inolvidables y aut\u00e9nticas. Esperamos poder acompa\u00f1arte en tus aventuras en la Riviera Maya con nuestro equipo apasionado y experto.<\/p>\n<p>[\/et_pb_text][\/et_pb_column][\/et_pb_row][et_pb_row column_structure=\u00bb3_5,2_5&#8243; make_equal=\u00bbon\u00bb _builder_version=\u00bb4.20.4&#8243; _module_preset=\u00bbdefault\u00bb background_color=\u00bb#f7f7f7&#8243; custom_margin=\u00bb40px||||false|false\u00bb custom_padding=\u00bb0px||0px||false|false\u00bb animation_style=\u00bbslide\u00bb animation_direction=\u00bbleft\u00bb border_radii=\u00bbon|10px|10px|10px|10px\u00bb border_width_all=\u00bb2px\u00bb box_shadow_style=\u00bbpreset1&#8243; global_colors_info=\u00bb{}\u00bb][et_pb_column type=\u00bb3_5&#8243; _builder_version=\u00bb4.20.4&#8243; _module_preset=\u00bbdefault\u00bb custom_padding=\u00bb3%|2%||2%|false|false\u00bb global_colors_info=\u00bb{}\u00bb][et_pb_text _builder_version=\u00bb4.21.0&#8243; _module_preset=\u00bbdefault\u00bb text_font=\u00bbNoto Serif||||||||\u00bb text_font_size=\u00bb15px\u00bb header_2_font=\u00bbNoto Serif|700|||||||\u00bb header_2_font_size=\u00bb33px\u00bb global_colors_info=\u00bb{}\u00bb]<\/p>\n<h2>Jessica, <span class=\"petit\">fundadora<\/span><\/h2>\n<p><span class=\"petit\"><\/span><\/p>\n<h3><span>Mexicana radiante y apasionada<\/span><\/h3>\n<p>Originaria del sureste de M\u00e9xico, Jessica decidi\u00f3 instalarse en la Riviera Maya para conocer turistas y compartir su cultura, as\u00ed como para dar los mejores consejos a los viajeros.<\/p>\n<p>Su objetivo es ofrecerte unos d\u00edas aut\u00e9nticos e inolvidables. Est\u00e1 convencida de que M\u00e9xico es una joya por descubrir y est\u00e1 dispuesta a acompa\u00f1arte en esta aventura con entusiasmo.<\/p>\n<p>Su lema es \u00abVIVA MEXICO\u00bb y estar\u00e1 encantada de compartirlo contigo durante tus excursiones con nuestra agencia de viajes.<\/p>\n<p>Nuestras consignas son \u00abautenticidad\u00bb y \u00abdescubrimiento\u00bb. Esperamos ofrecerte una experiencia de viaje \u00fanica e inolvidable en compa\u00f1\u00eda de nuestro apasionado equipo.<\/p>\n<p>[\/et_pb_text][\/et_pb_column][et_pb_column type=\u00bb2_5&#8243; _builder_version=\u00bb4.20.4&#8243; _module_preset=\u00bbdefault\u00bb global_colors_info=\u00bb{}\u00bb][et_pb_image src=\u00bbhttps:\/\/vivaohlala.com\/wp-content\/uploads\/2023\/04\/jessica-vivaohlala-excursion-cancun-tulum-riviera-maya.jpg\u00bb title_text=\u00bbjessica vivaohlala excursion cancun tulum riviera maya\u00bb _builder_version=\u00bb4.20.4&#8243; _module_preset=\u00bbdefault\u00bb global_colors_info=\u00bb{}\u00bb][\/et_pb_image][\/et_pb_column][\/et_pb_row][\/et_pb_section][et_pb_section fb_built=\u00bb1&#8243; _builder_version=\u00bb4.20.4&#8243; _module_preset=\u00bbdefault\u00bb background_enable_color=\u00bboff\u00bb background_image=\u00bbhttps:\/\/vivaohlala.com\/wp-content\/uploads\/2023\/04\/agence-de-voyage-francophone-mexique-yucatan-riviera-maya-excursions.jpg\u00bb custom_padding=\u00bb0px||9px|||\u00bb global_colors_info=\u00bb{}\u00bb][et_pb_row module_class=\u00bbpa-inline-buttons\u00bb _builder_version=\u00bb4.20.4&#8243; _module_preset=\u00bbdefault\u00bb locked=\u00bboff\u00bb global_colors_info=\u00bb{}\u00bb][et_pb_column type=\u00bb4_4&#8243; _builder_version=\u00bb4.20.4&#8243; _module_preset=\u00bbdefault\u00bb global_colors_info=\u00bb{}\u00bb][et_pb_text _builder_version=\u00bb4.20.4&#8243; _module_preset=\u00bbdefault\u00bb header_2_font=\u00bbNoto Serif|700|||||||\u00bb header_2_text_align=\u00bbcenter\u00bb header_2_text_color=\u00bb#FFFFFF\u00bb header_2_font_size=\u00bb30px\u00bb global_colors_info=\u00bb{}\u00bb]<\/p>\n<h2>Lo que opinan nuestros clientes de nosotros<\/h2>\n<p>[\/et_pb_text][\/et_pb_column][\/et_pb_row][et_pb_row _builder_version=\u00bb4.20.4&#8243; _module_preset=\u00bbdefault\u00bb custom_margin=\u00bb-19px|auto||auto||\u00bb custom_padding=\u00bb||0px|||\u00bb global_colors_info=\u00bb{}\u00bb][et_pb_column type=\u00bb4_4&#8243; _builder_version=\u00bb4.20.4&#8243; _module_preset=\u00bbdefault\u00bb global_colors_info=\u00bb{}\u00bb][et_pb_text _builder_version=\u00bb4.20.4&#8243; _module_preset=\u00bbdefault\u00bb background_color=\u00bbrgba(255,255,255,0.69)\u00bb custom_padding=\u00bb20px|20px|20px|20px|false|false\u00bb border_radii=\u00bbon|10px|10px|10px|10px\u00bb box_shadow_style=\u00bbpreset1&#8243; global_colors_info=\u00bb{}\u00bb]<\/p>\n<p>[fbrev page_name=\u00bbVivaOhlala , agence Francophone au Mexique\u00bb page_id=\u00bb104526562140874&#8243; page_access_token=\u00bbEAAVVPjFKgSEBABXzlYAUvO1L1N61YatzHP2HoDZAZAnicZBQrGcryWKDZBYEYuT7Jzp5OLMdzjpk7hjyEbBIOubH5uL3pKh6X9AjZAuCfcZAZAD5nD31uHBidslFi4MAaweup9CodYbrckHVeoRCNagAZA3TrXvENwgOpRAsMiwuFksxJjSun1mbl6UeryujTPQZD\u00bb pagination=\u00bb7&#8243; text_size=\u00bb120&#8243; lazy_load_img=\u00bbtrue\u00bb show_success_api=\u00bbtrue\u00bb open_link=\u00bbtrue\u00bb nofollow_link=\u00bbtrue\u00bb api_ratings_limit=\u00bb500&#8243;]<\/p>\n<p>[\/et_pb_text][\/et_pb_column][\/et_pb_row][et_pb_row module_class=\u00bbpa-inline-buttons\u00bb _builder_version=\u00bb4.20.4&#8243; _module_preset=\u00bbdefault\u00bb custom_padding=\u00bb||6px|||\u00bb locked=\u00bboff\u00bb global_colors_info=\u00bb{}\u00bb][et_pb_column type=\u00bb4_4&#8243; _builder_version=\u00bb4.20.4&#8243; _module_preset=\u00bbdefault\u00bb global_colors_info=\u00bb{}\u00bb][et_pb_button button_url=\u00bbhttps:\/\/www.tripadvisor.com\/ShowUserReviews-g150812-d23888647-r883363010-VivaOhlala-Playa_del_Carmen_Yucatan_Peninsula.html#REVIEWS\u00bb url_new_window=\u00bbon\u00bb button_text=\u00bbTodos los comentarios en Tripadvisor\u00bb button_alignment=\u00bbright\u00bb _builder_version=\u00bb4.20.4&#8243; _module_preset=\u00bbdefault\u00bb custom_button=\u00bbon\u00bb button_text_size=\u00bb17px\u00bb button_text_color=\u00bb#FFFFFF\u00bb button_bg_color=\u00bb#00af87&#8243; button_border_color=\u00bb#00af87&#8243; button_border_radius=\u00bb15px\u00bb button_font=\u00bb|||on|||||\u00bb button_use_icon=\u00bboff\u00bb custom_margin=\u00bb|10px|||false|false\u00bb global_colors_info=\u00bb{}\u00bb button_bg_color__hover_enabled=\u00bbon|hover\u00bb button_bg_color__hover=\u00bb#00c69b\u00bb button_bg_enable_color__hover=\u00bbon\u00bb button_border_color__hover_enabled=\u00bbon|desktop\u00bb button_border_color__hover=\u00bb#00c69b\u00bb][\/et_pb_button][et_pb_button button_url=\u00bbhttps:\/\/www.google.com\/search?q=viva+ohlala+mexique&#038;rlz=1C1CHZN_esAR966AR966&#038;oq=viva+ohlala+mexique&#038;aqs=chrome..69i57j69i60l3.8129j0j4&#038;sourceid=chrome&#038;ie=UTF-8#lrd=0x8f4e43b9bb46f833:0x9fa05388cfdafd6b,1,,,,\u00bb url_new_window=\u00bbon\u00bb button_text=\u00bbTodos los comentarios en Google\u00bb button_alignment=\u00bbright\u00bb _builder_version=\u00bb4.20.4&#8243; _module_preset=\u00bbdefault\u00bb custom_button=\u00bbon\u00bb button_text_size=\u00bb17px\u00bb button_text_color=\u00bb#FFFFFF\u00bb button_bg_color=\u00bb#db4437&#8243; button_border_color=\u00bb#db4437&#8243; button_border_radius=\u00bb15px\u00bb button_font=\u00bb|||on|||||\u00bb button_use_icon=\u00bboff\u00bb custom_margin=\u00bb|10px|||false|false\u00bb global_colors_info=\u00bb{}\u00bb button_bg_color__hover_enabled=\u00bbon|hover\u00bb button_bg_color__hover=\u00bb#ff523f\u00bb button_bg_enable_color__hover=\u00bbon\u00bb button_border_color__hover_enabled=\u00bbon|desktop\u00bb button_border_color__hover=\u00bb#ff523f\u00bb][\/et_pb_button][et_pb_button button_url=\u00bbhttps:\/\/www.facebook.com\/VIVAohlala\/reviews\u00bb url_new_window=\u00bbon\u00bb button_text=\u00bbTodos los comentarios en Facebook\u00bb button_alignment=\u00bbright\u00bb _builder_version=\u00bb4.20.4&#8243; _module_preset=\u00bbdefault\u00bb custom_button=\u00bbon\u00bb button_text_size=\u00bb17px\u00bb button_text_color=\u00bb#FFFFFF\u00bb button_bg_color=\u00bb#3b5998&#8243; button_border_color=\u00bb#3b5998&#8243; button_border_radius=\u00bb15px\u00bb button_font=\u00bb|||on|||||\u00bb button_use_icon=\u00bboff\u00bb global_colors_info=\u00bb{}\u00bb button_bg_color__hover_enabled=\u00bbon|hover\u00bb button_bg_color__hover=\u00bb#4d71c6&#8243; button_bg_enable_color__hover=\u00bbon\u00bb button_border_color__hover_enabled=\u00bbon|hover\u00bb button_border_color__hover=\u00bb#4d71c6&#8243;][\/et_pb_button][\/et_pb_column][\/et_pb_row][\/et_pb_section][et_pb_section fb_built=\u00bb1&#8243; disabled_on=\u00bboff|off|off\u00bb admin_label=\u00bbFollow Along\u00bb _builder_version=\u00bb4.20.4&#8243; use_background_color_gradient=\u00bbon\u00bb background_color_gradient_stops=\u00bb#ffffff 0%|rgba(255,255,255,0) 52%\u00bb background_color_gradient_overlays_image=\u00bbon\u00bb background_color_gradient_start=\u00bb#ffffff\u00bb background_color_gradient_end=\u00bbrgba(255,255,255,0)\u00bb background_color_gradient_end_position=\u00bb52%\u00bb background_enable_image=\u00bboff\u00bb background_position=\u00bbcenter_right\u00bb custom_padding=\u00bb2px||0vw|||\u00bb global_colors_info=\u00bb{}\u00bb][et_pb_row column_structure=\u00bb3_5,2_5&#8243; module_class=\u00bb et_pb_row_fullwidth\u00bb _builder_version=\u00bb4.16&#8243; width=\u00bb89%\u00bb width_tablet=\u00bb80%\u00bb width_phone=\u00bb80%\u00bb width_last_edited=\u00bbon|desktop\u00bb max_width=\u00bb89%\u00bb max_width_tablet=\u00bb80%\u00bb max_width_phone=\u00bb80%\u00bb max_width_last_edited=\u00bbon|desktop\u00bb custom_margin=\u00bb0px|||\u00bb custom_padding=\u00bb|||\u00bb make_fullwidth=\u00bbon\u00bb global_colors_info=\u00bb{}\u00bb][et_pb_column type=\u00bb3_5&#8243; _builder_version=\u00bb4.16&#8243; custom_padding=\u00bb|||\u00bb global_colors_info=\u00bb{}\u00bb custom_padding__hover=\u00bb|||\u00bb][et_pb_text _builder_version=\u00bb4.21.0&#8243; _module_preset=\u00bbdefault\u00bb text_font=\u00bbNoto Sans||||||||\u00bb text_font_size=\u00bb17px\u00bb text_line_height=\u00bb2em\u00bb header_2_font=\u00bbNoto Serif|700|||||||\u00bb header_2_font_size=\u00bb30px\u00bb custom_margin=\u00bb||||false|false\u00bb global_colors_info=\u00bb{}\u00bb]<\/p>\n<h2>IMPORTANTE<\/h2>\n<p><span>Para responder mejor a tus preguntas o reservas <strong>te pedimos que nos contactes v\u00eda WhatsApp<\/strong>. <\/span><\/p>\n<p><span>Estamos recibiendo un gran n\u00famero de consultas por mail y nos gustar\u00eda responderlas de manera r\u00e1pida y eficaz. <\/span><\/p>\n<p><span>As\u00ed que, para agilizar el servicio de tus solicitudes de informaci\u00f3n o reservas, te pedimos que te comuniques con nosotros v\u00eda Whatsapp. \u00a1Gracias por tu comprensi\u00f3n y esperamos que pronto nos contactes!<\/span><\/p>\n<p>[\/et_pb_text][et_pb_button button_text=\u00bbWhatsapp\u00bb button_alignment=\u00bbcenter\u00bb _builder_version=\u00bb4.20.4&#8243; _module_preset=\u00bbdefault\u00bb custom_button=\u00bbon\u00bb button_text_color=\u00bb#FFFFFF\u00bb button_bg_color=\u00bb#43bf51&#8243; button_border_color=\u00bb#43bf51&#8243; button_border_radius=\u00bb30px\u00bb box_shadow_style=\u00bbpreset1&#8243; global_colors_info=\u00bb{}\u00bb button_bg_color__hover_enabled=\u00bbon|hover\u00bb button_bg_color__hover=\u00bb#4fe260&#8243; button_bg_enable_color__hover=\u00bbon\u00bb button_border_color__hover_enabled=\u00bbon|desktop\u00bb button_border_color__hover=\u00bb#4fe260&#8243;][\/et_pb_button][\/et_pb_column][et_pb_column type=\u00bb2_5&#8243; _builder_version=\u00bb4.16&#8243; custom_padding=\u00bb|||\u00bb global_colors_info=\u00bb{}\u00bb custom_padding__hover=\u00bb|||\u00bb][et_pb_contact_form use_spam_service=\u00bbon\u00bb recaptcha_list=\u00bbviva|viva-0&#8243; email=\u00bbvivaohlalacontact@gmail.com\u00bb title=\u00bb\u00a1Cont\u00e1ctanos!\u00bb _builder_version=\u00bb4.21.0&#8243; _module_preset=\u00bbdefault\u00bb _unique_id=\u00bb64583740-0627-4d1e-b123-4ff3789f4ca9&#8243; title_level=\u00bbh2&#8243; title_font=\u00bbNoto Serif||||||||\u00bb title_font_size=\u00bb50px\u00bb custom_button=\u00bbon\u00bb button_text_color=\u00bb#FFFFFF\u00bb button_bg_color=\u00bb#578279&#8243; button_border_color=\u00bb#578279&#8243; button_border_radius=\u00bb25px\u00bb global_colors_info=\u00bb{}\u00bb button_bg_color__hover_enabled=\u00bbon|hover\u00bb button_bg_color__hover=\u00bb#72ada5&#8243; button_bg_enable_color__hover=\u00bbon\u00bb button_border_color__hover_enabled=\u00bbon|hover\u00bb button_border_color__hover=\u00bb#72ada5&#8243;][et_pb_contact_field field_id=\u00bbName\u00bb field_title=\u00bbNombre\u00bb _builder_version=\u00bb4.16&#8243; global_colors_info=\u00bb{}\u00bb button_text_size__hover_enabled=\u00bboff\u00bb button_one_text_size__hover_enabled=\u00bboff\u00bb button_two_text_size__hover_enabled=\u00bboff\u00bb button_text_color__hover_enabled=\u00bboff\u00bb button_one_text_color__hover_enabled=\u00bboff\u00bb button_two_text_color__hover_enabled=\u00bboff\u00bb button_border_width__hover_enabled=\u00bboff\u00bb button_one_border_width__hover_enabled=\u00bboff\u00bb button_two_border_width__hover_enabled=\u00bboff\u00bb button_border_color__hover_enabled=\u00bboff\u00bb button_one_border_color__hover_enabled=\u00bboff\u00bb button_two_border_color__hover_enabled=\u00bboff\u00bb button_border_radius__hover_enabled=\u00bboff\u00bb button_one_border_radius__hover_enabled=\u00bboff\u00bb button_two_border_radius__hover_enabled=\u00bboff\u00bb button_letter_spacing__hover_enabled=\u00bboff\u00bb button_one_letter_spacing__hover_enabled=\u00bboff\u00bb button_two_letter_spacing__hover_enabled=\u00bboff\u00bb button_bg_color__hover_enabled=\u00bboff\u00bb button_one_bg_color__hover_enabled=\u00bboff\u00bb button_two_bg_color__hover_enabled=\u00bboff\u00bb][\/et_pb_contact_field][et_pb_contact_field field_id=\u00bbEmail\u00bb field_title=\u00bbMail\u00bb field_type=\u00bbemail\u00bb _builder_version=\u00bb4.16&#8243; global_colors_info=\u00bb{}\u00bb button_text_size__hover_enabled=\u00bboff\u00bb button_one_text_size__hover_enabled=\u00bboff\u00bb button_two_text_size__hover_enabled=\u00bboff\u00bb button_text_color__hover_enabled=\u00bboff\u00bb button_one_text_color__hover_enabled=\u00bboff\u00bb button_two_text_color__hover_enabled=\u00bboff\u00bb button_border_width__hover_enabled=\u00bboff\u00bb button_one_border_width__hover_enabled=\u00bboff\u00bb button_two_border_width__hover_enabled=\u00bboff\u00bb button_border_color__hover_enabled=\u00bboff\u00bb button_one_border_color__hover_enabled=\u00bboff\u00bb button_two_border_color__hover_enabled=\u00bboff\u00bb button_border_radius__hover_enabled=\u00bboff\u00bb button_one_border_radius__hover_enabled=\u00bboff\u00bb button_two_border_radius__hover_enabled=\u00bboff\u00bb button_letter_spacing__hover_enabled=\u00bboff\u00bb button_one_letter_spacing__hover_enabled=\u00bboff\u00bb button_two_letter_spacing__hover_enabled=\u00bboff\u00bb button_bg_color__hover_enabled=\u00bboff\u00bb button_one_bg_color__hover_enabled=\u00bboff\u00bb button_two_bg_color__hover_enabled=\u00bboff\u00bb][\/et_pb_contact_field][et_pb_contact_field field_id=\u00bbMessage\u00bb field_title=\u00bbMensaje\u00bb field_type=\u00bbtext\u00bb fullwidth_field=\u00bbon\u00bb _builder_version=\u00bb4.16&#8243; global_colors_info=\u00bb{}\u00bb button_text_size__hover_enabled=\u00bboff\u00bb button_one_text_size__hover_enabled=\u00bboff\u00bb button_two_text_size__hover_enabled=\u00bboff\u00bb button_text_color__hover_enabled=\u00bboff\u00bb button_one_text_color__hover_enabled=\u00bboff\u00bb button_two_text_color__hover_enabled=\u00bboff\u00bb button_border_width__hover_enabled=\u00bboff\u00bb button_one_border_width__hover_enabled=\u00bboff\u00bb button_two_border_width__hover_enabled=\u00bboff\u00bb button_border_color__hover_enabled=\u00bboff\u00bb button_one_border_color__hover_enabled=\u00bboff\u00bb button_two_border_color__hover_enabled=\u00bboff\u00bb button_border_radius__hover_enabled=\u00bboff\u00bb button_one_border_radius__hover_enabled=\u00bboff\u00bb button_two_border_radius__hover_enabled=\u00bboff\u00bb button_letter_spacing__hover_enabled=\u00bboff\u00bb button_one_letter_spacing__hover_enabled=\u00bboff\u00bb button_two_letter_spacing__hover_enabled=\u00bboff\u00bb button_bg_color__hover_enabled=\u00bboff\u00bb button_one_bg_color__hover_enabled=\u00bboff\u00bb button_two_bg_color__hover_enabled=\u00bboff\u00bb][\/et_pb_contact_field][\/et_pb_contact_form][\/et_pb_column][\/et_pb_row][\/et_pb_section]<\/p>\n","protected":false},"excerpt":{"rendered":"<p>\u00bfQui\u00e9nes somos?VivaOhlala es una agencia especializada en excursiones originales en M\u00e9xico. Nos mueve la pasi\u00f3n por viajar y descubrir, y estamos orgullosos de contar con gu\u00edas que aman M\u00e9xico y que saben transmitir su pasi\u00f3n a nuestros clientes. En VivaOhlala creemos que cada viajero es \u00fanico y merece una experiencia de viaje a su medida. [&hellip;]<\/p>\n","protected":false},"author":1,"featured_media":0,"parent":0,"menu_order":0,"comment_status":"closed","ping_status":"closed","template":"","meta":{"_et_pb_use_builder":"on","_et_pb_old_content":"","_et_gb_content_width":"","_joinchat":[],"footnotes":""},"class_list":["post-734","page","type-page","status-publish","hentry"],"_links":{"self":[{"href":"https:\/\/vivaohlala.com\/es\/wp-json\/wp\/v2\/pages\/734","targetHints":{"allow":["GET"]}}],"collection":[{"href":"https:\/\/vivaohlala.com\/es\/wp-json\/wp\/v2\/pages"}],"about":[{"href":"https:\/\/vivaohlala.com\/es\/wp-json\/wp\/v2\/types\/page"}],"author":[{"embeddable":true,"href":"https:\/\/vivaohlala.com\/es\/wp-json\/wp\/v2\/users\/1"}],"replies":[{"embeddable":true,"href":"https:\/\/vivaohlala.com\/es\/wp-json\/wp\/v2\/comments?post=734"}],"version-history":[{"count":7,"href":"https:\/\/vivaohlala.com\/es\/wp-json\/wp\/v2\/pages\/734\/revisions"}],"predecessor-version":[{"id":2053,"href":"https:\/\/vivaohlala.com\/es\/wp-json\/wp\/v2\/pages\/734\/revisions\/2053"}],"wp:attachment":[{"href":"https:\/\/vivaohlala.com\/es\/wp-json\/wp\/v2\/media?parent=734"}],"curies":[{"name":"wp","href":"https:\/\/api.w.org\/{rel}","templated":true}]}}